{"id":773,"date":"2025-02-13T15:45:19","date_gmt":"2025-02-13T20:45:19","guid":{"rendered":"https:\/\/designblindsllc.com\/quienes-somos\/"},"modified":"2025-09-19T10:35:28","modified_gmt":"2025-09-19T15:35:28","slug":"quienes-somos","status":"publish","type":"page","link":"https:\/\/designblindsllc.com\/es\/quienes-somos\/","title":{"rendered":"\u00bfQui\u00e9nes somos?"},"content":{"rendered":"\n<h2>\n\t\t\t\u00bfQui\u00e9nes somos?\t<\/h2>\n\t<p>En Design Blinds, nos apasiona transformar espacios con cubiertas para ventanas de alta calidad que combinan tecnolog\u00eda moderna, estilo y practicidad.<\/p>\n\t<p>Con m\u00e1s de 13 a\u00f1os de experiencia en la industria, hemos construido una reputaci\u00f3n por ofrecer persianas, toldos y pantallas manuales y motorizadas de alta calidad que mejoran la comodidad, privacidad y eficiencia energ\u00e9tica.<\/p>\n<p>Nuestro viaje comenz\u00f3 como una profunda pasi\u00f3n por la mejora del hogar y la vida inteligente. Despu\u00e9s de experimentar los beneficios de las persianas motorizadas en nuestro propio hogar, supimos que ten\u00edamos que compartir esta innovaci\u00f3n con otros. En 2022, dimos un paso audaz al expandir nuestro negocio y lanzar nuestra propia l\u00ednea de ensamblaje, lo que nos permiti\u00f3 controlar la calidad, optimizar costos y ofrecer soluciones personalizadas adaptadas a las necesidades de cada cliente.  <\/p>\n\t<p>Hoy, Design Blinds sirve a la mayor\u00eda de los condados de Florida e incluso se extiende a otros estados bajo solicitud. Nos especializamos en soluciones inteligentes para ventanas que se integran perfectamente con sistemas modernos de automatizaci\u00f3n del hogar, incluyendo Alexa, Siri y Google Home, ofreciendo control remoto y activaci\u00f3n por voz al alcance de tu mano.<\/p>\n<p>Nuestra misi\u00f3n es hacer que la automatizaci\u00f3n del hogar sea accesible y asequible, llevando soluciones inteligentes, pr\u00e1cticas y modernas a cada hogar y negocio que servimos. Ya sea que busques pantallas, toldos blackouts o persianas de doble tela, nuestro equipo est\u00e1 comprometido a ofrecer artesan\u00eda de primer nivel, servicio al cliente excepcional y dise\u00f1os innovadores que mejoren tu espacio de vida.<\/p>\n<h2>\n\t\t\t\u00bfPor qu\u00e9 elegirnos?\t<\/h2>\n\t\t\t\t\t<a href=\"#\"  id=\"fl-accordion--label-0\" tabindex=\"0\" aria-controls=\"fl-accordion--panel-0\">Integraci\u00f3n con el Hogar Inteligente<\/a>\n\t\t\t\t\t\t\t\t\t\t\t<a href=\"#\" id=\"fl-accordion--icon-0\"  tabindex=\"0\"><i title=\"Expand\">Expand<\/i><\/a>\n\t\t\t\t\t<p>Nuestras persianas motorizadas funcionan sin esfuerzo con su dispositivo inteligente preferido.<\/p>\n\t\t\t\t\t<a href=\"#\"  id=\"fl-accordion--label-1\" tabindex=\"0\" aria-controls=\"fl-accordion--panel-1\">Soluciones Personalizadas<\/a>\n\t\t\t\t\t\t\t\t\t\t\t<a href=\"#\" id=\"fl-accordion--icon-1\"  tabindex=\"0\"><i title=\"Expand\">Expand<\/i><\/a>\n\t\t\t\t\t<p>Adaptamos cada pedido a tus necesidades espec\u00edficas y preferencias de estilo.<\/p>\n\t\t\t\t\t<a href=\"#\"  id=\"fl-accordion--label-2\" tabindex=\"0\" aria-controls=\"fl-accordion--panel-2\">Artesan\u00eda de Alta Calidad<\/a>\n\t\t\t\t\t\t\t\t\t\t\t<a href=\"#\" id=\"fl-accordion--icon-2\"  tabindex=\"0\"><i title=\"Expand\">Expand<\/i><\/a>\n\t\t\t\t\t<p>Fabricamos e instalamos solo los mejores materiales para garantizar durabilidad y elegancia.<\/p>\n\t\t\t\t\t<a href=\"#\"  id=\"fl-accordion--label-3\" tabindex=\"0\" aria-controls=\"fl-accordion--panel-3\">Eficiencia Energ\u00e9tica<\/a>\n\t\t\t\t\t\t\t\t\t\t\t<a href=\"#\" id=\"fl-accordion--icon-3\"  tabindex=\"0\"><i title=\"Expand\">Expand<\/i><\/a>\n\t\t\t\t\t<p>Nuestros productos ayudan a regular las temperaturas interiores, reduciendo los costos de energ\u00eda.<\/p>\n\t\t\t\t\t<a href=\"#\"  id=\"fl-accordion--label-4\" tabindex=\"0\" aria-controls=\"fl-accordion--panel-4\">Local y en Expansi\u00f3n<\/a>\n\t\t\t\t\t\t\t\t\t\t\t<a href=\"#\" id=\"fl-accordion--icon-4\"  tabindex=\"0\"><i title=\"Expand\">Expand<\/i><\/a>\n\t\t\t\t\t<p>Con sede en Florida, atendemos m\u00e1s all\u00e1 de los l\u00edmites estatales para proyectos personalizados.<\/p>\n\t<p>\u00danase a nosotros para abrazar el futuro de las coberturas para ventanas, donde la innovaci\u00f3n se encuentra con el dise\u00f1o y la comodidad se encuentra con el lujo.<\/p>\n\t\t\t\t\t\t\t\t\t<img loading=\"lazy\" decoding=\"async\" src=\"https:\/\/designblindsllc.com\/wp-content\/uploads\/2025\/02\/screen-26.jpg\" alt=\"screen (26)\" itemprop=\"image\" height=\"715\" width=\"538\" srcset=\"https:\/\/designblindsllc.com\/wp-content\/uploads\/2025\/02\/screen-26.jpg 538w, https:\/\/designblindsllc.com\/wp-content\/uploads\/2025\/02\/screen-26-226x300.jpg 226w\" sizes=\"auto, (max-width: 538px) 100vw, 538px\" title=\"screen (26)\" onerror=\"this.style.display='none'\"  \/>\n\t\t\t\t\t\t\t\t\t<img loading=\"lazy\" decoding=\"async\" src=\"https:\/\/designblindsllc.com\/wp-content\/uploads\/2025\/02\/zebra-18.jpg\" alt=\"zebra (18)\" itemprop=\"image\" height=\"715\" width=\"538\" srcset=\"https:\/\/designblindsllc.com\/wp-content\/uploads\/2025\/02\/zebra-18.jpg 538w, https:\/\/designblindsllc.com\/wp-content\/uploads\/2025\/02\/zebra-18-226x300.jpg 226w\" sizes=\"auto, (max-width: 538px) 100vw, 538px\" title=\"zebra (18)\" onerror=\"this.style.display='none'\"  \/>\n<h2>\n\t\t\t\u2022 INTELIGENTES \u2022 PR\u00c1CTICOS \u2022 MODERNOS \u2022\t<\/h2>\n\t<p>El futuro de los tratamientos para ventanas, dise\u00f1ado para ti.<\/p>\n<h2>\n\t\t\tDeclaraci\u00f3n de Misi\u00f3n\t<\/h2>\n\t<p>En Design Blinds, estamos dedicados a transformar hogares a trav\u00e9s de cubiertas para ventanas inteligentes de alta calidad que combinan innovaci\u00f3n, estilo y conveniencia. Con m\u00e1s de siete a\u00f1os de experiencia en la industria, hemos construido una reputaci\u00f3n por ofrecer persianas, toldos y pantallas motorizadas de alta calidad que se integran perfectamente con sistemas de hogar inteligente como Alexa, Siri y Google Home. Nuestro objetivo es hacer que la automatizaci\u00f3n del hogar sea accesible y asequible, asegurando que cada cliente experimente comodidad, modernidad y eficiencia con nuestras soluciones de vanguardia.<\/p>\n<h2>\n\t\t\tDeclaraci\u00f3n de Visi\u00f3n\t<\/h2>\n\t<p>Aspiramos a ser el principal proveedor de cubiertas para ventanas inteligentes en Florida y m\u00e1s all\u00e1, estableciendo el est\u00e1ndar en calidad, innovaci\u00f3n y satisfacci\u00f3n del cliente. A medida que continuamos expandi\u00e9ndonos, nuestra misi\u00f3n es redefinir la automatizaci\u00f3n del hogar ofreciendo soluciones de vanguardia que mejoren la vida cotidiana. A trav\u00e9s del crecimiento continuo, avances tecnol\u00f3gicos y servicio excepcional, nuestro objetivo es llevar el futuro de los tratamientos para ventanas inteligentes, pr\u00e1cticos y modernos a hogares y negocios en todo el pa\u00eds.  <\/p>\n<h2>\n\t\t\tValores Fundamentales\t<\/h2>\n\t\t\t\t\t\t\t\t\t<img loading=\"lazy\" decoding=\"async\" src=\"https:\/\/designblindsllc.com\/wp-content\/uploads\/2025\/02\/v2.png\" alt=\"v2\" itemprop=\"image\" height=\"150\" width=\"150\" title=\"v2\" onerror=\"this.style.display='none'\"  \/>\n\t\t\t\t\t\t\t\t\t\t\t<img loading=\"lazy\" decoding=\"async\" src=\"https:\/\/designblindsllc.com\/wp-content\/uploads\/2025\/02\/v1.png\" alt=\"v1\" itemprop=\"image\" height=\"150\" width=\"150\" title=\"v1\" onerror=\"this.style.display='none'\"  \/>\n<h2>\n\t\t\tInnovaci\u00f3n\t<\/h2>\n\t<p>Adoptamos la \u00faltima tecnolog\u00eda de hogar inteligente para ofrecer soluciones de vanguardia.<\/p>\n\t\t\t\t\t\t\t\t\t<img loading=\"lazy\" decoding=\"async\" src=\"https:\/\/designblindsllc.com\/wp-content\/uploads\/2025\/02\/i3.png\" alt=\"i3\" itemprop=\"image\" height=\"150\" width=\"150\" title=\"i3\" onerror=\"this.style.display='none'\"  \/>\n\t\t\t\t\t\t\t\t\t\t\t<img loading=\"lazy\" decoding=\"async\" src=\"https:\/\/designblindsllc.com\/wp-content\/uploads\/2025\/02\/i33.png\" alt=\"i33\" itemprop=\"image\" height=\"150\" width=\"150\" title=\"i33\" onerror=\"this.style.display='none'\"  \/>\n<h2>\n\t\t\tCalidad y Artesan\u00eda\t<\/h2>\n\t<p>Nuestros productos est\u00e1n construidos para durar, ofreciendo rendimiento y dise\u00f1o superiores.<\/p>\n\t\t\t\t\t\t\t\t\t<img loading=\"lazy\" decoding=\"async\" src=\"https:\/\/designblindsllc.com\/wp-content\/uploads\/2025\/02\/i2.png\" alt=\"i2\" itemprop=\"image\" height=\"150\" width=\"150\" title=\"i2\" onerror=\"this.style.display='none'\"  \/>\n\t\t\t\t\t\t\t\t\t\t\t<img loading=\"lazy\" decoding=\"async\" src=\"https:\/\/designblindsllc.com\/wp-content\/uploads\/2025\/02\/i22.png\" alt=\"i22\" itemprop=\"image\" height=\"150\" width=\"150\" title=\"i22\" onerror=\"this.style.display='none'\"  \/>\n<h2>\n\t\t\tEnfoque en el Cliente\t<\/h2>\n\t<p>Priorizamos el servicio personalizado, asegurando que cada cliente encuentre el ajuste perfecto.<\/p>\n\t\t\t\t\t\t\t\t\t<img loading=\"lazy\" decoding=\"async\" src=\"https:\/\/designblindsllc.com\/wp-content\/uploads\/2025\/02\/acc2.png\" alt=\"acc2\" itemprop=\"image\" height=\"150\" width=\"150\" title=\"acc2\" onerror=\"this.style.display='none'\"  \/>\n\t\t\t\t\t\t\t\t\t\t\t<img loading=\"lazy\" decoding=\"async\" src=\"https:\/\/designblindsllc.com\/wp-content\/uploads\/2025\/02\/acc.png\" alt=\"acc\" itemprop=\"image\" height=\"150\" width=\"150\" title=\"acc\" onerror=\"this.style.display='none'\"  \/>\n<h2>\n\t\t\tAsequibilidad\t<\/h2>\n\t<p>La automatizaci\u00f3n del hogar inteligente debe ser accesible para todos, sin comprometer la calidad.<\/p>\n\t\t\t\t\t\t\t\t\t<img loading=\"lazy\" decoding=\"async\" src=\"https:\/\/designblindsllc.com\/wp-content\/uploads\/2025\/02\/sos3.png\" alt=\"sos3\" itemprop=\"image\" height=\"150\" width=\"150\" title=\"sos3\" onerror=\"this.style.display='none'\"  \/>\n\t\t\t\t\t\t\t\t\t\t\t<img loading=\"lazy\" decoding=\"async\" src=\"https:\/\/designblindsllc.com\/wp-content\/uploads\/2025\/02\/sos.png\" alt=\"sos\" itemprop=\"image\" height=\"150\" width=\"150\" title=\"sos\" onerror=\"this.style.display='none'\"  \/>\n<h2>\n\t\t\tSostenibilidad\t<\/h2>\n\t<p>Nos comprometemos con soluciones energ\u00e9ticamente eficientes que promuevan una vida ecol\u00f3gica.<\/p>\n\t\t\t\t\t\t\t\t\t<img loading=\"lazy\" decoding=\"async\" src=\"https:\/\/designblindsllc.com\/wp-content\/uploads\/2025\/02\/mano2.png\" alt=\"mano2\" itemprop=\"image\" height=\"150\" width=\"150\" title=\"mano2\" onerror=\"this.style.display='none'\"  \/>\n\t\t\t\t\t\t\t\t\t\t\t<img loading=\"lazy\" decoding=\"async\" src=\"https:\/\/designblindsllc.com\/wp-content\/uploads\/2025\/02\/mano.png\" alt=\"mano\" itemprop=\"image\" height=\"150\" width=\"150\" title=\"mano\" onerror=\"this.style.display='none'\"  \/>\n<h2>\n\t\t\tIntegridad y Transparencia\t<\/h2>\n\t<p>Construimos confianza con nuestros clientes a trav\u00e9s de honestidad y fiabilidad.<\/p>\n\t\t\t\t\t\t\t\t\t<img loading=\"lazy\" decoding=\"async\" src=\"https:\/\/designblindsllc.com\/wp-content\/uploads\/2025\/02\/i1.png\" alt=\"i1\" itemprop=\"image\" height=\"150\" width=\"150\" title=\"i1\" onerror=\"this.style.display='none'\"  \/>\n\t\t\t\t\t\t\t\t\t\t\t<img loading=\"lazy\" decoding=\"async\" src=\"https:\/\/designblindsllc.com\/wp-content\/uploads\/2025\/02\/i11.png\" alt=\"i11\" itemprop=\"image\" height=\"150\" width=\"150\" title=\"i11\" onerror=\"this.style.display='none'\"  \/>\n<h2>\n\t\t\tCrecimiento y Expansi\u00f3n\t<\/h2>\n\tNos esforzamos por llegar a m\u00e1s hogares y negocios, haciendo de la vida inteligente el nuevo est\u00e1ndar.<br \/>\nInteligentes. Pr\u00e1cticas. Modernas. &#8211; El futuro de las cubiertas para ventanas, dise\u00f1ado para tu hogar.\n\n","protected":false},"excerpt":{"rendered":"<p>\u00bfQui\u00e9nes somos? En Design Blinds, nos apasiona transformar espacios con cubiertas para ventanas de alta calidad que combinan tecnolog\u00eda moderna, estilo y practicidad. Con m\u00e1s de 13 a\u00f1os de experiencia en la industria, hemos construido una reputaci\u00f3n por ofrecer persianas, toldos y pantallas manuales y motorizadas de alta calidad que mejoran la comodidad, privacidad y&hellip;<\/p>\n","protected":false},"author":1,"featured_media":0,"parent":0,"menu_order":0,"comment_status":"closed","ping_status":"closed","template":"","meta":{"footnotes":""},"class_list":["post-773","page","type-page","status-publish","hentry"],"yoast_head":"<!-- This site is optimized with the Yoast SEO plugin v27.4 - https:\/\/yoast.com\/product\/yoast-seo-wordpress\/ -->\n<title>\u00bfQui\u00e9nes somos? - Design Blinds<\/title>\n<meta name=\"robots\" content=\"index, follow, max-snippet:-1, max-image-preview:large, max-video-preview:-1\" \/>\n<link rel=\"canonical\" href=\"https:\/\/designblindsllc.com\/es\/quienes-somos\/\" \/>\n<meta property=\"og:locale\" content=\"es_ES\" \/>\n<meta property=\"og:type\" content=\"article\" \/>\n<meta property=\"og:title\" content=\"\u00bfQui\u00e9nes somos? - Design Blinds\" \/>\n<meta property=\"og:description\" content=\"\u00bfQui\u00e9nes somos? En Design Blinds, nos apasiona transformar espacios con cubiertas para ventanas de alta calidad que combinan tecnolog\u00eda moderna, estilo y practicidad. Con m\u00e1s de 13 a\u00f1os de experiencia en la industria, hemos construido una reputaci\u00f3n por ofrecer persianas, toldos y pantallas manuales y motorizadas de alta calidad que mejoran la comodidad, privacidad y&hellip;\" \/>\n<meta property=\"og:url\" content=\"https:\/\/designblindsllc.com\/es\/quienes-somos\/\" \/>\n<meta property=\"og:site_name\" content=\"Design Blinds\" \/>\n<meta property=\"article:modified_time\" content=\"2025-09-19T15:35:28+00:00\" \/>\n<meta property=\"og:image\" content=\"https:\/\/designblindsllc.com\/wp-content\/uploads\/2025\/02\/screen-26.jpg\" \/>\n<meta name=\"twitter:card\" content=\"summary_large_image\" \/>\n<meta name=\"twitter:label1\" content=\"Tiempo de lectura\" \/>\n\t<meta name=\"twitter:data1\" content=\"7 minutos\" \/>\n<script type=\"application\/ld+json\" class=\"yoast-schema-graph\">{\"@context\":\"https:\\\/\\\/schema.org\",\"@graph\":[{\"@type\":\"WebPage\",\"@id\":\"https:\\\/\\\/designblindsllc.com\\\/es\\\/quienes-somos\\\/\",\"url\":\"https:\\\/\\\/designblindsllc.com\\\/es\\\/quienes-somos\\\/\",\"name\":\"\u00bfQui\u00e9nes somos? - Design Blinds\",\"isPartOf\":{\"@id\":\"https:\\\/\\\/designblindsllc.com\\\/#website\"},\"primaryImageOfPage\":{\"@id\":\"https:\\\/\\\/designblindsllc.com\\\/es\\\/quienes-somos\\\/#primaryimage\"},\"image\":{\"@id\":\"https:\\\/\\\/designblindsllc.com\\\/es\\\/quienes-somos\\\/#primaryimage\"},\"thumbnailUrl\":\"https:\\\/\\\/designblindsllc.com\\\/wp-content\\\/uploads\\\/2025\\\/02\\\/screen-26.jpg\",\"datePublished\":\"2025-02-13T20:45:19+00:00\",\"dateModified\":\"2025-09-19T15:35:28+00:00\",\"breadcrumb\":{\"@id\":\"https:\\\/\\\/designblindsllc.com\\\/es\\\/quienes-somos\\\/#breadcrumb\"},\"inLanguage\":\"es\",\"potentialAction\":[{\"@type\":\"ReadAction\",\"target\":[\"https:\\\/\\\/designblindsllc.com\\\/es\\\/quienes-somos\\\/\"]}]},{\"@type\":\"ImageObject\",\"inLanguage\":\"es\",\"@id\":\"https:\\\/\\\/designblindsllc.com\\\/es\\\/quienes-somos\\\/#primaryimage\",\"url\":\"https:\\\/\\\/designblindsllc.com\\\/wp-content\\\/uploads\\\/2025\\\/02\\\/screen-26.jpg\",\"contentUrl\":\"https:\\\/\\\/designblindsllc.com\\\/wp-content\\\/uploads\\\/2025\\\/02\\\/screen-26.jpg\"},{\"@type\":\"BreadcrumbList\",\"@id\":\"https:\\\/\\\/designblindsllc.com\\\/es\\\/quienes-somos\\\/#breadcrumb\",\"itemListElement\":[{\"@type\":\"ListItem\",\"position\":1,\"name\":\"Portada\",\"item\":\"https:\\\/\\\/designblindsllc.com\\\/es\\\/\"},{\"@type\":\"ListItem\",\"position\":2,\"name\":\"\u00bfQui\u00e9nes somos?\"}]},{\"@type\":\"WebSite\",\"@id\":\"https:\\\/\\\/designblindsllc.com\\\/#website\",\"url\":\"https:\\\/\\\/designblindsllc.com\\\/\",\"name\":\"Design Blinds\",\"description\":\"\",\"potentialAction\":[{\"@type\":\"SearchAction\",\"target\":{\"@type\":\"EntryPoint\",\"urlTemplate\":\"https:\\\/\\\/designblindsllc.com\\\/?s={search_term_string}\"},\"query-input\":{\"@type\":\"PropertyValueSpecification\",\"valueRequired\":true,\"valueName\":\"search_term_string\"}}],\"inLanguage\":\"es\"}]}<\/script>\n<!-- \/ Yoast SEO plugin. -->","yoast_head_json":{"title":"\u00bfQui\u00e9nes somos? - Design Blinds","robots":{"index":"index","follow":"follow","max-snippet":"max-snippet:-1","max-image-preview":"max-image-preview:large","max-video-preview":"max-video-preview:-1"},"canonical":"https:\/\/designblindsllc.com\/es\/quienes-somos\/","og_locale":"es_ES","og_type":"article","og_title":"\u00bfQui\u00e9nes somos? - Design Blinds","og_description":"\u00bfQui\u00e9nes somos? En Design Blinds, nos apasiona transformar espacios con cubiertas para ventanas de alta calidad que combinan tecnolog\u00eda moderna, estilo y practicidad. Con m\u00e1s de 13 a\u00f1os de experiencia en la industria, hemos construido una reputaci\u00f3n por ofrecer persianas, toldos y pantallas manuales y motorizadas de alta calidad que mejoran la comodidad, privacidad y&hellip;","og_url":"https:\/\/designblindsllc.com\/es\/quienes-somos\/","og_site_name":"Design Blinds","article_modified_time":"2025-09-19T15:35:28+00:00","og_image":[{"url":"https:\/\/designblindsllc.com\/wp-content\/uploads\/2025\/02\/screen-26.jpg","type":"","width":"","height":""}],"twitter_card":"summary_large_image","twitter_misc":{"Tiempo de lectura":"7 minutos"},"schema":{"@context":"https:\/\/schema.org","@graph":[{"@type":"WebPage","@id":"https:\/\/designblindsllc.com\/es\/quienes-somos\/","url":"https:\/\/designblindsllc.com\/es\/quienes-somos\/","name":"\u00bfQui\u00e9nes somos? - Design Blinds","isPartOf":{"@id":"https:\/\/designblindsllc.com\/#website"},"primaryImageOfPage":{"@id":"https:\/\/designblindsllc.com\/es\/quienes-somos\/#primaryimage"},"image":{"@id":"https:\/\/designblindsllc.com\/es\/quienes-somos\/#primaryimage"},"thumbnailUrl":"https:\/\/designblindsllc.com\/wp-content\/uploads\/2025\/02\/screen-26.jpg","datePublished":"2025-02-13T20:45:19+00:00","dateModified":"2025-09-19T15:35:28+00:00","breadcrumb":{"@id":"https:\/\/designblindsllc.com\/es\/quienes-somos\/#breadcrumb"},"inLanguage":"es","potentialAction":[{"@type":"ReadAction","target":["https:\/\/designblindsllc.com\/es\/quienes-somos\/"]}]},{"@type":"ImageObject","inLanguage":"es","@id":"https:\/\/designblindsllc.com\/es\/quienes-somos\/#primaryimage","url":"https:\/\/designblindsllc.com\/wp-content\/uploads\/2025\/02\/screen-26.jpg","contentUrl":"https:\/\/designblindsllc.com\/wp-content\/uploads\/2025\/02\/screen-26.jpg"},{"@type":"BreadcrumbList","@id":"https:\/\/designblindsllc.com\/es\/quienes-somos\/#breadcrumb","itemListElement":[{"@type":"ListItem","position":1,"name":"Portada","item":"https:\/\/designblindsllc.com\/es\/"},{"@type":"ListItem","position":2,"name":"\u00bfQui\u00e9nes somos?"}]},{"@type":"WebSite","@id":"https:\/\/designblindsllc.com\/#website","url":"https:\/\/designblindsllc.com\/","name":"Design Blinds","description":"","potentialAction":[{"@type":"SearchAction","target":{"@type":"EntryPoint","urlTemplate":"https:\/\/designblindsllc.com\/?s={search_term_string}"},"query-input":{"@type":"PropertyValueSpecification","valueRequired":true,"valueName":"search_term_string"}}],"inLanguage":"es"}]}},"_links":{"self":[{"href":"https:\/\/designblindsllc.com\/es\/wp-json\/wp\/v2\/pages\/773","targetHints":{"allow":["GET"]}}],"collection":[{"href":"https:\/\/designblindsllc.com\/es\/wp-json\/wp\/v2\/pages"}],"about":[{"href":"https:\/\/designblindsllc.com\/es\/wp-json\/wp\/v2\/types\/page"}],"author":[{"embeddable":true,"href":"https:\/\/designblindsllc.com\/es\/wp-json\/wp\/v2\/users\/1"}],"replies":[{"embeddable":true,"href":"https:\/\/designblindsllc.com\/es\/wp-json\/wp\/v2\/comments?post=773"}],"version-history":[{"count":3,"href":"https:\/\/designblindsllc.com\/es\/wp-json\/wp\/v2\/pages\/773\/revisions"}],"predecessor-version":[{"id":895,"href":"https:\/\/designblindsllc.com\/es\/wp-json\/wp\/v2\/pages\/773\/revisions\/895"}],"wp:attachment":[{"href":"https:\/\/designblindsllc.com\/es\/wp-json\/wp\/v2\/media?parent=773"}],"curies":[{"name":"wp","href":"https:\/\/api.w.org\/{rel}","templated":true}]}}