{"id":775,"date":"2025-02-13T20:15:25","date_gmt":"2025-02-14T01:15:25","guid":{"rendered":"https:\/\/designblindsllc.com\/inicio\/"},"modified":"2025-09-19T10:32:46","modified_gmt":"2025-09-19T15:32:46","slug":"inicio","status":"publish","type":"page","link":"https:\/\/designblindsllc.com\/es\/","title":{"rendered":"Inicio"},"content":{"rendered":"\n<h2>\n\t\t\t\u2022 INTELIGENTES \u2022 PR\u00c1CTICOS \u2022 MODERNOS \u2022\t<\/h2>\n\t\t\t<a href=\"tel:13863894146\" target=\"_blank\" rel=\"noopener\">\n\t\t\t\t\t\t\tPrograma una cotizaci\u00f3n gratuita.\n\t\t\t<\/a>\n<h2>\n\t\t\tPersianas, cortinas, contraventanas y pel\u00edculas personalizadas\t<\/h2>\n<h2>\n\t\t\t\u00bfQui\u00e9nes somos?\t<\/h2>\n\t<p>En Design Blinds, nos apasiona transformar espacios con cubiertas para ventanas de alta calidad que combinan tecnolog\u00eda moderna, estilo y practicidad.<\/p>\n\t<p>Con m\u00e1s de 13 a\u00f1os de experiencia en la industria, hemos construido una reputaci\u00f3n por ofrecer persianas, toldos y pantallas manuales y motorizadas de alta calidad que mejoran la comodidad, privacidad y eficiencia energ\u00e9tica.<\/p>\n\t\t\t<a href=\"https:\/\/designblindsllc.com\/es\/quienes-somos\/\" target=\"_self\">\n\t\t\t\t\t\t\tVER M\u00c1S\n\t\t\t<\/a>\n<h2>\n\t\t\tNUESTROS PRODUCTOS\t<\/h2>\n\t\t\t<a href=\"tel:13863894146\" target=\"_blank\" rel=\"noopener\">\n\t\t\t\t\t\t\tP\u00eddenos una cotizaci\u00f3n\n\t\t\t<\/a>\n\t\t\t\t\t\t<a href=\"https:\/\/designblindsllc.com\/es\/pelicula-inteligente\/\" target=\"_self\">\n\t\t\t\t\t\t\t\t\t\t\t\t<img decoding=\"async\" src=\"https:\/\/designblindsllc.com\/wp-content\/uploads\/2025\/02\/inte.jpg\" alt=\"PEL\u00cdCULA INTELIGENTE\" \/>\n\t\t\t\t\t\t\t\t<h2>PEL\u00cdCULA INTELIGENTE<\/h2>\n\t\t\t\t\t\t\t\t\t<p>Ver m\u00e1s<\/p>\n\t\t\t\t\t\t\t\t\t\t<\/a>\n\t\t\t\t\t\t<a href=\"https:\/\/designblindsllc.com\/es\/cortinas-enrollable-blackout\/\" target=\"_self\">\n\t\t\t\t\t\t\t\t\t\t\t\t<img decoding=\"async\" src=\"https:\/\/designblindsllc.com\/wp-content\/uploads\/2025\/02\/blacknue.jpg\" alt=\"CORTINAS ENROLLABLE (BLACKOUT)\" \/>\n\t\t\t\t\t\t\t\t<h2>CORTINAS ENROLLABLE (BLACKOUT)<\/h2>\n\t\t\t\t\t\t\t\t\t<p>Ver m\u00e1s<\/p>\n\t\t\t\t\t\t\t\t\t\t<\/a>\n\t\t\t\t\t\t<a href=\"https:\/\/designblindsllc.com\/es\/persianas-de-doble-tela\/\" target=\"_self\">\n\t\t\t\t\t\t\t\t\t\t\t\t<img decoding=\"async\" src=\"https:\/\/designblindsllc.com\/wp-content\/uploads\/2025\/02\/zebra-18.jpg\" alt=\"PERSIANAS DE DOBLE TELA\" \/>\n\t\t\t\t\t\t\t\t<h2>PERSIANAS DE DOBLE TELA<\/h2>\n\t\t\t\t\t\t\t\t\t<p>Ver m\u00e1s<\/p>\n\t\t\t\t\t\t\t\t\t\t<\/a>\n\t\t\t\t\t\t<a href=\"https:\/\/designblindsllc.com\/es\/cortinas-para-interiores\/\" target=\"_self\">\n\t\t\t\t\t\t\t\t\t\t\t\t<img decoding=\"async\" src=\"https:\/\/designblindsllc.com\/wp-content\/uploads\/2025\/02\/inte-1.jpg\" alt=\"CORTINAS PARA INTERIORES\" \/>\n\t\t\t\t\t\t\t\t<h2>CORTINAS PARA INTERIORES<\/h2>\n\t\t\t\t\t\t\t\t\t<p>Ver m\u00e1s<\/p>\n\t\t\t\t\t\t\t\t\t\t<\/a>\n\t\t\t\t\t\t<a href=\"https:\/\/designblindsllc.com\/es\/toldo-para-exteriores\/\" target=\"_self\">\n\t\t\t\t\t\t\t\t\t\t\t\t<img decoding=\"async\" src=\"https:\/\/designblindsllc.com\/wp-content\/uploads\/2025\/02\/designb_exter.jpg\" alt=\"TOLDO PARA EXTERIORES\" \/>\n\t\t\t\t\t\t\t\t<h2>TOLDO PARA EXTERIORES<\/h2>\n\t\t\t\t\t\t\t\t\t<p>Ver m\u00e1s<\/p>\n\t\t\t\t\t\t\t\t\t\t<\/a>\n\t\t\t\t\t\t<a href=\"https:\/\/designblindsllc.com\/es\/contraventanas\/\" target=\"_self\">\n\t\t\t\t\t\t\t\t\t\t\t\t<img decoding=\"async\" src=\"https:\/\/designblindsllc.com\/wp-content\/uploads\/2025\/02\/designb_22.jpg\" alt=\"CONTRAVENTANAS\" \/>\n\t\t\t\t\t\t\t\t<h2>CONTRAVENTANAS<\/h2>\n\t\t\t\t\t\t\t\t\t<p>Ver m\u00e1s<\/p>\n\t\t\t\t\t\t\t\t\t\t<\/a>\n\t\t\t\t\t\t\t\t\t<img loading=\"lazy\" decoding=\"async\" src=\"https:\/\/designblindsllc.com\/wp-content\/uploads\/2025\/02\/i1.png\" alt=\"i1\" itemprop=\"image\" height=\"150\" width=\"150\" title=\"i1\" onerror=\"this.style.display='none'\"  \/>\n\t\t\t\t\t\t\t\t\t\t\t<img loading=\"lazy\" decoding=\"async\" src=\"https:\/\/designblindsllc.com\/wp-content\/uploads\/2025\/02\/i11.png\" alt=\"i11\" itemprop=\"image\" height=\"150\" width=\"150\" title=\"i11\" onerror=\"this.style.display='none'\"  \/>\n<h2>\n\t\t\tEntrega r\u00e1pida\t<\/h2>\n\t<p>Fabricaci\u00f3n directa y env\u00edo a nivel nacional.<\/p>\n\t\t\t\t\t\t\t\t\t<img loading=\"lazy\" decoding=\"async\" src=\"https:\/\/designblindsllc.com\/wp-content\/uploads\/2025\/02\/i2.png\" alt=\"i2\" itemprop=\"image\" height=\"150\" width=\"150\" title=\"i2\" onerror=\"this.style.display='none'\"  \/>\n\t\t\t\t\t\t\t\t\t\t\t<img loading=\"lazy\" decoding=\"async\" src=\"https:\/\/designblindsllc.com\/wp-content\/uploads\/2025\/02\/i22.png\" alt=\"i22\" itemprop=\"image\" height=\"150\" width=\"150\" title=\"i22\" onerror=\"this.style.display='none'\"  \/>\n<h2>\n\t\t\tLiderazgo local\t<\/h2>\n\t<p>Servicio r\u00e1pido, confianza y mejores precios sin intermediarios.<\/p>\n\t\t\t\t\t\t\t\t\t<img loading=\"lazy\" decoding=\"async\" src=\"https:\/\/designblindsllc.com\/wp-content\/uploads\/2025\/02\/i3.png\" alt=\"i3\" itemprop=\"image\" height=\"150\" width=\"150\" title=\"i3\" onerror=\"this.style.display='none'\"  \/>\n\t\t\t\t\t\t\t\t\t\t\t<img loading=\"lazy\" decoding=\"async\" src=\"https:\/\/designblindsllc.com\/wp-content\/uploads\/2025\/02\/i33.png\" alt=\"i33\" itemprop=\"image\" height=\"150\" width=\"150\" title=\"i33\" onerror=\"this.style.display='none'\"  \/>\n<h2>\n\t\t\tAlta tasa de cierre\t<\/h2>\n\t<p>95% de las ventas cerradas dentro de las 24 horas de la primera visita.<\/p>\n<h2>\n\t\t\tNUESTROS SERVICIOS\t<\/h2>\n\t<p>Obtenga m\u00e1s informaci\u00f3n sobre lo que hacemos.<\/p>\n\t\t\t<a href=\"https:\/\/designblindsllc.com\/es\/nuestros-servicios\/\" target=\"_self\">\n\t\t\t\t\t\t\tESTOY INTERESADO\n\t\t\t<\/a>\n\t<iframe allowfullscreen allow=\"autoplay\" data-src=\"https:\/\/www.youtube-nocookie.com\/embed\/KjrgtXwxv64?feature=oembed&amp;autoplay=1&amp;playlist=KjrgtXwxv64&amp;start&amp;end&amp;wmode=opaque&amp;loop=1&amp;controls=1&amp;mute=1&amp;rel=0&amp;modestbranding=0\"><\/iframe>\t\t\n\t\t\t\t\tPlay Video\n<h2>\n\t\t\tTESTIMONIOS\t<\/h2>\n\t\t\t\t<img decoding=\"async\" src=\"https:\/\/designblindsllc.com\/wp-content\/uploads\/2025\/02\/1.png\" alt=\"1\" itemprop=\"image\" height=\"150\" width=\"150\" title=\"1\" onerror=\"this.style.display='none'\" loading=\"lazy\" \/>\n\t\t\t\t\t\t\t\t\t\t<p>\u2605\u2605\u2605\u2605\u2605La gente m\u00e1s amable y eficiente con la que hemos trabajado. Nos programaron r\u00e1pidamente para una cotizaci\u00f3n. Nos proporcionaron todo por escrito. Pudimos ver el producto en su sala de exhibici\u00f3n y en 2 semanas estaban instalados y lucen incre\u00edbles.   <\/p>\n\t\t\t\t\t\t\t\t\t<h3>Teresa Suter<\/h3>\n\t\t\t\t\t\t\t\t\t\t\t\t\t<h4>Daytona Beach, FL<\/h4>\n\t\t\t\t\t\t\t\t\t\t<p>\u2605\u2605\u2605\u2605\u2605Empresa profesional con excelentes habilidades de comunicaci\u00f3n y pronta atenci\u00f3n. \u00a1La calidad del trabajo es sobresaliente! Carlos y su equipo fueron un absoluto placer. Empresa altamente recomendada.   <\/p>\n\t\t\t\t\t\t\t\t\t<h3>Jeff Lombardi<\/h3>\n\t\t\t\t\t\t\t\t\t\t\t\t\t<h4>Daytona Beach Shores, FL<\/h4>\n\t\t\t\t\t\t\t\t\t\t<p>\u2605\u2605\u2605\u2605\u2605Una experiencia muy buena. Un bonito negocio familiar. Hicieron un trabajo hermoso, entregaron una semana antes y fue muy f\u00e1cil trabajar con ellos.  <\/p>\n\t\t\t\t\t\t\t\t\t<h3>Rainey Soriero<\/h3>\n\t\t\t\t\t\t\t\t\t\t\t\t\t<h4>South Daytona, FL<\/h4>\n\t\t\t\t\t\t\t\t\t\t<p>\u2605\u2605\u2605\u2605\u2605Son absolutamente los mejores del estado. \u00a1No busques m\u00e1s! \u00a1Ofrecen la mejor calidad al mejor precio! Tienen un personal altamente profesional y muy conocedor. Que no solo se preocupa por sus clientes, sino que tambi\u00e9n trabaja muy duro para superar las expectativas. \u00a1No te arrepentir\u00e1s! Al final del d\u00eda, tu hogar y negocio merecen lo mejor, y est\u00e1s en buenas manos con los mejores.     <\/p>\n\t\t\t\t\t\t\t\t\t<h3>Andres A. Citelli<\/h3>\n\t\t\t\t\t\t\t\t\t\t\t\t\t<h4>Daytona Beach, FL<\/h4>\n\t\t\t\t\t\t\t\t\t\t<p>\u2605\u2605\u2605\u2605\u2605\u00a1Nuestras 14 persianas quedaron incre\u00edbles! Las blackouts para el dormitorio principal y el ba\u00f1o, y otras para el espacio principal ahora nos dan una flexibilidad y privacidad incre\u00edbles. Todo el equipo de Design Blinds fue incre\u00edble, respetuoso con nuestro espacio y con una atenci\u00f3n al detalle asombrosa. Los recomiendo ampliamente si buscas automatizaci\u00f3n de persianas personalizadas.   <\/p>\n\t\t\t\t\t\t\t\t\t<h3>Mike Borowczak<\/h3>\n\t\t\t\t\t\t\t\t\t\t\t\t\t<h4>Winter Springs, FL<\/h4>\n\t\t\t\t\t\t\t\t\t\t<p>\u2605\u2605\u2605\u2605\u2605Mi esposo y yo estamos muy contentos con nuestras persianas&#8230; desde la instalaci\u00f3n hasta el producto en s\u00ed. Lucen absolutamente hermosas en nuestro nuevo hogar. \u00a1Definitivamente recomiendo Design Blinds, Stephanie y Carlos!  <\/p>\n\t\t\t\t\t\t\t\t\t<h3>Anne Lange<\/h3>\n\t\t\t\t\t\t\t\t\t\t\t\t\t<h4>Port Orange, FL<\/h4>\n\t\t\t\t\t\t\t\t\t\t<p>\u2605\u2605\u2605\u2605\u2605Hicieron un trabajo incre\u00edble, el servicio al cliente fue 10\/10, super atentos y respondieron a todas nuestras preguntas y preocupaciones, extremadamente puntuales y se quedaron hasta el final para asegurarse de que estuvi\u00e9ramos 100% satisfechos con nuestras nuevas persianas. \u00a1El trabajo que hicieron fue incre\u00edble y convenientemente asequible tambi\u00e9n! Estoy super enamorada de mis nuevas persianas, \u00a1gracias Design Blinds LLC!  <\/p>\n\t\t\t\t\t\t\t\t\t<h3>Nohra Gutierrez<\/h3>\n\t\t\t\t\t\t\t\t\t\t\t\t\t<h4>Tampa, FL<\/h4>\n\t\t\t\t\t\t\t\t\t\t<p>\u2605\u2605\u2605\u2605\u2605No podr\u00eda estar m\u00e1s feliz. Definitivamente fue la mejor elecci\u00f3n. Mis persianas de doble tela lucen perfectas en mi hogar. Recomiendo Design Blinds LLC con los ojos cerrados. Son s\u00faper profesionales y tienen las cortinas m\u00e1s hermosas del mercado. Sab\u00edan que depend\u00eda de la instalaci\u00f3n para mudarme e incluso lograron instalar las cortinas antes. Estoy tan agradecida por su negocio. Gracias       <\/p>\n\t\t\t\t\t\t\t\t\t<h3>Will Montresal<\/h3>\n\t\t\t\t\t\t\t\t\t\t\t\t\t<h4>Orlando, FL<\/h4>\n\t\t\t\t\t\t\t\t\t\t<p>\u2605\u2605\u2605\u2605\u2605Me encantan mis nuevas persianas personalizadas. El equipo de Design Blinds fue muy \u00fatil en nuestra selecci\u00f3n y el tiempo de entrega para instalarlas fue genial. <\/p>\n\t\t\t\t\t\t\t\t\t<h3>Bobby Norris<\/h3>\n\t\t\t\t\t\t\t\t\t\t\t\t\t<h4>Orlando, FL<\/h4>\n\t\t\t\t\t\t\t\t\t\t<p>\u2605\u2605\u2605\u2605\u2605Fue una gran experiencia, mi cu\u00f1ada recomend\u00f3 esta empresa, hacen un gran trabajo, los recomendar\u00eda a cualquiera.<\/p>\n\t\t\t\t\t\t\t\t\t<h3>Howard Washington<\/h3>\n\t\t\t\t\t\t\t\t\t\t\t\t\t<h4>Apopka, FL<\/h4>\n\t\t\t\t\t\t\t\t\t\t<p>\u2605\u2605\u2605\u2605\u2605Gran empresa para confiar tus nuevas persianas de doble tela. Servicio s\u00faper r\u00e1pido y eficiente y precios muy razonables tambi\u00e9n. Estoy super feliz con mis nuevas persianas ya que le dan un toque moderno y fresco a mi casa. \u00a1Muchas gracias Carlos por todo!   <\/p>\n\t\t\t\t\t\t\t\t\t<h3>Emilia Montoya<\/h3>\n\t\t\t\t\t\t\t\t\t\t\t\t\t<h4>Orlando, FL<\/h4>\n\t<!-- \/.pp-testimonials -->\n\t\t\t\t<img decoding=\"async\" src=\"https:\/\/designblindsllc.com\/wp-content\/uploads\/2025\/02\/2.png\" alt=\"2\" itemprop=\"image\" height=\"150\" width=\"150\" title=\"2\" onerror=\"this.style.display='none'\" loading=\"lazy\" \/>\n<h2>\n\t\t<a href=\"https:\/\/www.instagram.com\/designblinds.us\/\" title=\"INSTAGRAM @ designblinds.us\"  target=\"_self\">\n\t\t\tINSTAGRAM @ designblinds.us\t\t<\/a>\n\t<\/h2>\n\t\t\t\t\t\t\t\t\t\t\t\t\t\t\t\t\t<a href=\"https:\/\/www.instagram.com\/design.blindsllc\/\" target=\"_blank\" rel=\"nofollow noopener\" data-caption=\"\" aria-label=\"\">\n\t\t\t\t\t\t<figure>\n\t\t\t\t\t\t\t<img loading=\"lazy\" decoding=\"async\" src=\"https:\/\/designblindsllc.com\/wp-content\/uploads\/2025\/02\/1.jpg\" alt=\"\" srcset=\"https:\/\/designblindsllc.com\/wp-content\/uploads\/2025\/02\/1.jpg 539w, https:\/\/designblindsllc.com\/wp-content\/uploads\/2025\/02\/1-226x300.jpg 226w\" width=\"539\" height=\"716\" \/>\n\t\t\t\t\t\t\t\t\t\t\t\t\t\t\t<!-- Overlay Wrapper -->\n\t\t\t\t\t\t\t\t\t\t\t\t\t\t\t\t\t <!-- Overlay Wrapper Closed -->\n\t\t\t\t\t\t\t\t\t\t\t\t\t<\/figure>\n\t\t\t\t\t\t\t\t\t\t<\/a>\n\t\t\t\t\t\t\t\t\t\t\t\t\t\t\t\t\t<a href=\"https:\/\/www.instagram.com\/design.blindsllc\/\" target=\"_blank\" rel=\"nofollow noopener\" data-caption=\"\" aria-label=\"\">\n\t\t\t\t\t\t<figure>\n\t\t\t\t\t\t\t<img loading=\"lazy\" decoding=\"async\" src=\"https:\/\/designblindsllc.com\/wp-content\/uploads\/2025\/02\/2.jpg\" alt=\"\" srcset=\"https:\/\/designblindsllc.com\/wp-content\/uploads\/2025\/02\/2.jpg 537w, https:\/\/designblindsllc.com\/wp-content\/uploads\/2025\/02\/2-225x300.jpg 225w\" width=\"537\" height=\"716\" \/>\n\t\t\t\t\t\t\t\t\t\t\t\t\t\t\t<!-- Overlay Wrapper -->\n\t\t\t\t\t\t\t\t\t\t\t\t\t\t\t\t\t <!-- Overlay Wrapper Closed -->\n\t\t\t\t\t\t\t\t\t\t\t\t\t<\/figure>\n\t\t\t\t\t\t\t\t\t\t<\/a>\n\t\t\t\t\t\t\t\t\t\t\t\t\t\t\t\t\t<a href=\"https:\/\/www.instagram.com\/design.blindsllc\/\" target=\"_blank\" rel=\"nofollow noopener\" data-caption=\"\" aria-label=\"\">\n\t\t\t\t\t\t<figure>\n\t\t\t\t\t\t\t<img loading=\"lazy\" decoding=\"async\" src=\"https:\/\/designblindsllc.com\/wp-content\/uploads\/2025\/02\/3.jpg\" alt=\"\" srcset=\"https:\/\/designblindsllc.com\/wp-content\/uploads\/2025\/02\/3.jpg 538w, https:\/\/designblindsllc.com\/wp-content\/uploads\/2025\/02\/3-225x300.jpg 225w\" width=\"538\" height=\"718\" \/>\n\t\t\t\t\t\t\t\t\t\t\t\t\t\t\t<!-- Overlay Wrapper -->\n\t\t\t\t\t\t\t\t\t\t\t\t\t\t\t\t\t <!-- Overlay Wrapper Closed -->\n\t\t\t\t\t\t\t\t\t\t\t\t\t<\/figure>\n\t\t\t\t\t\t\t\t\t\t<\/a>\n\t\t\t\t\t\t\t\t\t\t\t\t\t\t\t\t\t<a href=\"https:\/\/www.instagram.com\/design.blindsllc\/\" target=\"_blank\" rel=\"nofollow noopener\" data-caption=\"\" aria-label=\"\">\n\t\t\t\t\t\t<figure>\n\t\t\t\t\t\t\t<img loading=\"lazy\" decoding=\"async\" src=\"https:\/\/designblindsllc.com\/wp-content\/uploads\/2025\/02\/4.jpg\" alt=\"\" srcset=\"https:\/\/designblindsllc.com\/wp-content\/uploads\/2025\/02\/4.jpg 538w, https:\/\/designblindsllc.com\/wp-content\/uploads\/2025\/02\/4-226x300.jpg 226w\" width=\"538\" height=\"715\" \/>\n\t\t\t\t\t\t\t\t\t\t\t\t\t\t\t<!-- Overlay Wrapper -->\n\t\t\t\t\t\t\t\t\t\t\t\t\t\t\t\t\t <!-- Overlay Wrapper Closed -->\n\t\t\t\t\t\t\t\t\t\t\t\t\t<\/figure>\n\t\t\t\t\t\t\t\t\t\t<\/a>\n\t\t\t\t\t\t\t\t\t\t\t\t\t\t\t\t\t<a href=\"https:\/\/www.instagram.com\/design.blindsllc\/\" target=\"_blank\" rel=\"nofollow noopener\" data-caption=\"\" aria-label=\"\">\n\t\t\t\t\t\t<figure>\n\t\t\t\t\t\t\t<img loading=\"lazy\" decoding=\"async\" src=\"https:\/\/designblindsllc.com\/wp-content\/uploads\/2025\/02\/5.jpg\" alt=\"\" srcset=\"https:\/\/designblindsllc.com\/wp-content\/uploads\/2025\/02\/5.jpg 537w, https:\/\/designblindsllc.com\/wp-content\/uploads\/2025\/02\/5-225x300.jpg 225w\" width=\"537\" height=\"717\" \/>\n\t\t\t\t\t\t\t\t\t\t\t\t\t\t\t<!-- Overlay Wrapper -->\n\t\t\t\t\t\t\t\t\t\t\t\t\t\t\t\t\t <!-- Overlay Wrapper Closed -->\n\t\t\t\t\t\t\t\t\t\t\t\t\t<\/figure>\n\t\t\t\t\t\t\t\t\t\t<\/a>\n\t\t\t\t\t\t\t\t\t\t\t\t\t\t\t\t\t<a href=\"https:\/\/www.instagram.com\/design.blindsllc\/\" target=\"_blank\" rel=\"nofollow noopener\" data-caption=\"\" aria-label=\"\">\n\t\t\t\t\t\t<figure>\n\t\t\t\t\t\t\t<img loading=\"lazy\" decoding=\"async\" src=\"https:\/\/designblindsllc.com\/wp-content\/uploads\/2025\/02\/6.jpg\" alt=\"\" srcset=\"https:\/\/designblindsllc.com\/wp-content\/uploads\/2025\/02\/6.jpg 538w, https:\/\/designblindsllc.com\/wp-content\/uploads\/2025\/02\/6-225x300.jpg 225w\" width=\"538\" height=\"718\" \/>\n\t\t\t\t\t\t\t\t\t\t\t\t\t\t\t<!-- Overlay Wrapper -->\n\t\t\t\t\t\t\t\t\t\t\t\t\t\t\t\t\t <!-- Overlay Wrapper Closed -->\n\t\t\t\t\t\t\t\t\t\t\t\t\t<\/figure>\n\t\t\t\t\t\t\t\t\t\t<\/a>\n\t\t\t\t\t\t\t\t\t\t\t\t\t\t\t\t\t<a href=\"https:\/\/www.instagram.com\/design.blindsllc\/\" target=\"_blank\" rel=\"nofollow noopener\" data-caption=\"\" aria-label=\"\">\n\t\t\t\t\t\t<figure>\n\t\t\t\t\t\t\t<img loading=\"lazy\" decoding=\"async\" src=\"https:\/\/designblindsllc.com\/wp-content\/uploads\/2025\/02\/7.jpg\" alt=\"\" srcset=\"https:\/\/designblindsllc.com\/wp-content\/uploads\/2025\/02\/7.jpg 537w, https:\/\/designblindsllc.com\/wp-content\/uploads\/2025\/02\/7-225x300.jpg 225w\" width=\"537\" height=\"717\" \/>\n\t\t\t\t\t\t\t\t\t\t\t\t\t\t\t<!-- Overlay Wrapper -->\n\t\t\t\t\t\t\t\t\t\t\t\t\t\t\t\t\t <!-- Overlay Wrapper Closed -->\n\t\t\t\t\t\t\t\t\t\t\t\t\t<\/figure>\n\t\t\t\t\t\t\t\t\t\t<\/a>\n\t\t\t\t\t\t\t\t\t\t\t\t\t\t\t\t\t<a href=\"https:\/\/www.instagram.com\/design.blindsllc\/\" target=\"_blank\" rel=\"nofollow noopener\" data-caption=\"\" aria-label=\"\">\n\t\t\t\t\t\t<figure>\n\t\t\t\t\t\t\t<img loading=\"lazy\" decoding=\"async\" src=\"https:\/\/designblindsllc.com\/wp-content\/uploads\/2025\/02\/8.jpg\" alt=\"\" srcset=\"https:\/\/designblindsllc.com\/wp-content\/uploads\/2025\/02\/8.jpg 537w, https:\/\/designblindsllc.com\/wp-content\/uploads\/2025\/02\/8-225x300.jpg 225w\" width=\"537\" height=\"716\" \/>\n\t\t\t\t\t\t\t\t\t\t\t\t\t\t\t<!-- Overlay Wrapper -->\n\t\t\t\t\t\t\t\t\t\t\t\t\t\t\t\t\t <!-- Overlay Wrapper Closed -->\n\t\t\t\t\t\t\t\t\t\t\t\t\t<\/figure>\n\t\t\t\t\t\t\t\t\t\t<\/a>\n\t\t\t\t\t\n","protected":false},"excerpt":{"rendered":"<p>\u2022 INTELIGENTES \u2022 PR\u00c1CTICOS \u2022 MODERNOS \u2022 Programa una cotizaci\u00f3n gratuita. Persianas, cortinas, contraventanas y pel\u00edculas personalizadas \u00bfQui\u00e9nes somos? En Design Blinds, nos apasiona transformar espacios con cubiertas para ventanas de alta calidad que combinan tecnolog\u00eda moderna, estilo y practicidad. Con m\u00e1s de 13 a\u00f1os de experiencia en la industria, hemos construido una reputaci\u00f3n por&hellip;<\/p>\n","protected":false},"author":1,"featured_media":0,"parent":0,"menu_order":0,"comment_status":"closed","ping_status":"closed","template":"","meta":{"footnotes":""},"class_list":["post-775","page","type-page","status-publish","hentry"],"yoast_head":"<!-- This site is optimized with the Yoast SEO plugin v27.4 - https:\/\/yoast.com\/product\/yoast-seo-wordpress\/ -->\n<title>Inicio - Design Blinds<\/title>\n<meta name=\"robots\" content=\"index, follow, max-snippet:-1, max-image-preview:large, max-video-preview:-1\" \/>\n<link rel=\"canonical\" href=\"https:\/\/designblindsllc.com\/es\/\" \/>\n<meta property=\"og:locale\" content=\"es_ES\" \/>\n<meta property=\"og:type\" content=\"article\" \/>\n<meta property=\"og:title\" content=\"Inicio - Design Blinds\" \/>\n<meta property=\"og:description\" content=\"\u2022 INTELIGENTES \u2022 PR\u00c1CTICOS \u2022 MODERNOS \u2022 Programa una cotizaci\u00f3n gratuita. Persianas, cortinas, contraventanas y pel\u00edculas personalizadas \u00bfQui\u00e9nes somos? En Design Blinds, nos apasiona transformar espacios con cubiertas para ventanas de alta calidad que combinan tecnolog\u00eda moderna, estilo y practicidad. Con m\u00e1s de 13 a\u00f1os de experiencia en la industria, hemos construido una reputaci\u00f3n por&hellip;\" \/>\n<meta property=\"og:url\" content=\"https:\/\/designblindsllc.com\/es\/\" \/>\n<meta property=\"og:site_name\" content=\"Design Blinds\" \/>\n<meta property=\"article:modified_time\" content=\"2025-09-19T15:32:46+00:00\" \/>\n<meta property=\"og:image\" content=\"https:\/\/designblindsllc.com\/wp-content\/uploads\/2025\/02\/inte.jpg\" \/>\n<meta name=\"twitter:card\" content=\"summary_large_image\" \/>\n<meta name=\"twitter:label1\" content=\"Tiempo de lectura\" \/>\n\t<meta name=\"twitter:data1\" content=\"8 minutos\" \/>\n<script type=\"application\/ld+json\" class=\"yoast-schema-graph\">{\"@context\":\"https:\\\/\\\/schema.org\",\"@graph\":[{\"@type\":\"WebPage\",\"@id\":\"https:\\\/\\\/designblindsllc.com\\\/es\\\/\",\"url\":\"https:\\\/\\\/designblindsllc.com\\\/es\\\/\",\"name\":\"Inicio - Design Blinds\",\"isPartOf\":{\"@id\":\"https:\\\/\\\/designblindsllc.com\\\/#website\"},\"primaryImageOfPage\":{\"@id\":\"https:\\\/\\\/designblindsllc.com\\\/es\\\/#primaryimage\"},\"image\":{\"@id\":\"https:\\\/\\\/designblindsllc.com\\\/es\\\/#primaryimage\"},\"thumbnailUrl\":\"https:\\\/\\\/designblindsllc.com\\\/wp-content\\\/uploads\\\/2025\\\/02\\\/inte.jpg\",\"datePublished\":\"2025-02-14T01:15:25+00:00\",\"dateModified\":\"2025-09-19T15:32:46+00:00\",\"breadcrumb\":{\"@id\":\"https:\\\/\\\/designblindsllc.com\\\/es\\\/#breadcrumb\"},\"inLanguage\":\"es\",\"potentialAction\":[{\"@type\":\"ReadAction\",\"target\":[\"https:\\\/\\\/designblindsllc.com\\\/es\\\/\"]}]},{\"@type\":\"ImageObject\",\"inLanguage\":\"es\",\"@id\":\"https:\\\/\\\/designblindsllc.com\\\/es\\\/#primaryimage\",\"url\":\"https:\\\/\\\/designblindsllc.com\\\/wp-content\\\/uploads\\\/2025\\\/02\\\/inte.jpg\",\"contentUrl\":\"https:\\\/\\\/designblindsllc.com\\\/wp-content\\\/uploads\\\/2025\\\/02\\\/inte.jpg\"},{\"@type\":\"BreadcrumbList\",\"@id\":\"https:\\\/\\\/designblindsllc.com\\\/es\\\/#breadcrumb\",\"itemListElement\":[{\"@type\":\"ListItem\",\"position\":1,\"name\":\"Portada\",\"item\":\"https:\\\/\\\/designblindsllc.com\\\/es\\\/\"},{\"@type\":\"ListItem\",\"position\":2,\"name\":\"Inicio\"}]},{\"@type\":\"WebSite\",\"@id\":\"https:\\\/\\\/designblindsllc.com\\\/#website\",\"url\":\"https:\\\/\\\/designblindsllc.com\\\/\",\"name\":\"Design Blinds\",\"description\":\"\",\"potentialAction\":[{\"@type\":\"SearchAction\",\"target\":{\"@type\":\"EntryPoint\",\"urlTemplate\":\"https:\\\/\\\/designblindsllc.com\\\/?s={search_term_string}\"},\"query-input\":{\"@type\":\"PropertyValueSpecification\",\"valueRequired\":true,\"valueName\":\"search_term_string\"}}],\"inLanguage\":\"es\"}]}<\/script>\n<!-- \/ Yoast SEO plugin. -->","yoast_head_json":{"title":"Inicio - Design Blinds","robots":{"index":"index","follow":"follow","max-snippet":"max-snippet:-1","max-image-preview":"max-image-preview:large","max-video-preview":"max-video-preview:-1"},"canonical":"https:\/\/designblindsllc.com\/es\/","og_locale":"es_ES","og_type":"article","og_title":"Inicio - Design Blinds","og_description":"\u2022 INTELIGENTES \u2022 PR\u00c1CTICOS \u2022 MODERNOS \u2022 Programa una cotizaci\u00f3n gratuita. Persianas, cortinas, contraventanas y pel\u00edculas personalizadas \u00bfQui\u00e9nes somos? En Design Blinds, nos apasiona transformar espacios con cubiertas para ventanas de alta calidad que combinan tecnolog\u00eda moderna, estilo y practicidad. Con m\u00e1s de 13 a\u00f1os de experiencia en la industria, hemos construido una reputaci\u00f3n por&hellip;","og_url":"https:\/\/designblindsllc.com\/es\/","og_site_name":"Design Blinds","article_modified_time":"2025-09-19T15:32:46+00:00","og_image":[{"url":"https:\/\/designblindsllc.com\/wp-content\/uploads\/2025\/02\/inte.jpg","type":"","width":"","height":""}],"twitter_card":"summary_large_image","twitter_misc":{"Tiempo de lectura":"8 minutos"},"schema":{"@context":"https:\/\/schema.org","@graph":[{"@type":"WebPage","@id":"https:\/\/designblindsllc.com\/es\/","url":"https:\/\/designblindsllc.com\/es\/","name":"Inicio - Design Blinds","isPartOf":{"@id":"https:\/\/designblindsllc.com\/#website"},"primaryImageOfPage":{"@id":"https:\/\/designblindsllc.com\/es\/#primaryimage"},"image":{"@id":"https:\/\/designblindsllc.com\/es\/#primaryimage"},"thumbnailUrl":"https:\/\/designblindsllc.com\/wp-content\/uploads\/2025\/02\/inte.jpg","datePublished":"2025-02-14T01:15:25+00:00","dateModified":"2025-09-19T15:32:46+00:00","breadcrumb":{"@id":"https:\/\/designblindsllc.com\/es\/#breadcrumb"},"inLanguage":"es","potentialAction":[{"@type":"ReadAction","target":["https:\/\/designblindsllc.com\/es\/"]}]},{"@type":"ImageObject","inLanguage":"es","@id":"https:\/\/designblindsllc.com\/es\/#primaryimage","url":"https:\/\/designblindsllc.com\/wp-content\/uploads\/2025\/02\/inte.jpg","contentUrl":"https:\/\/designblindsllc.com\/wp-content\/uploads\/2025\/02\/inte.jpg"},{"@type":"BreadcrumbList","@id":"https:\/\/designblindsllc.com\/es\/#breadcrumb","itemListElement":[{"@type":"ListItem","position":1,"name":"Portada","item":"https:\/\/designblindsllc.com\/es\/"},{"@type":"ListItem","position":2,"name":"Inicio"}]},{"@type":"WebSite","@id":"https:\/\/designblindsllc.com\/#website","url":"https:\/\/designblindsllc.com\/","name":"Design Blinds","description":"","potentialAction":[{"@type":"SearchAction","target":{"@type":"EntryPoint","urlTemplate":"https:\/\/designblindsllc.com\/?s={search_term_string}"},"query-input":{"@type":"PropertyValueSpecification","valueRequired":true,"valueName":"search_term_string"}}],"inLanguage":"es"}]}},"_links":{"self":[{"href":"https:\/\/designblindsllc.com\/es\/wp-json\/wp\/v2\/pages\/775","targetHints":{"allow":["GET"]}}],"collection":[{"href":"https:\/\/designblindsllc.com\/es\/wp-json\/wp\/v2\/pages"}],"about":[{"href":"https:\/\/designblindsllc.com\/es\/wp-json\/wp\/v2\/types\/page"}],"author":[{"embeddable":true,"href":"https:\/\/designblindsllc.com\/es\/wp-json\/wp\/v2\/users\/1"}],"replies":[{"embeddable":true,"href":"https:\/\/designblindsllc.com\/es\/wp-json\/wp\/v2\/comments?post=775"}],"version-history":[{"count":5,"href":"https:\/\/designblindsllc.com\/es\/wp-json\/wp\/v2\/pages\/775\/revisions"}],"predecessor-version":[{"id":894,"href":"https:\/\/designblindsllc.com\/es\/wp-json\/wp\/v2\/pages\/775\/revisions\/894"}],"wp:attachment":[{"href":"https:\/\/designblindsllc.com\/es\/wp-json\/wp\/v2\/media?parent=775"}],"curies":[{"name":"wp","href":"https:\/\/api.w.org\/{rel}","templated":true}]}}