{"id":780,"date":"2025-02-19T14:13:24","date_gmt":"2025-02-19T19:13:24","guid":{"rendered":"https:\/\/designblindsllc.com\/nuestros-servicios\/"},"modified":"2025-04-19T13:15:15","modified_gmt":"2025-04-19T18:15:15","slug":"nuestros-servicios","status":"publish","type":"page","link":"https:\/\/designblindsllc.com\/es\/nuestros-servicios\/","title":{"rendered":"NUESTROS SERVICIOS"},"content":{"rendered":"\n<h2>\n\t\tNUESTROS SERVICIOS\n\t<\/h2>\n\t\t\t<a href=\"tel:13863894146\" target=\"_blank\" rel=\"noopener\">\n\t\t\t\t\t\t\tP\u00eddenos una cotizaci\u00f3n\n\t\t\t<\/a>\n\t\t<ul>\n\t\t\t\t\t<li>\n\t\t\t\t\t\t\t\t\t\t\t<img loading=\"lazy\" decoding=\"async\" src=\"https:\/\/designblindsllc.com\/wp-content\/uploads\/2025\/02\/designb_s1.png\" alt=\"designb_s1\" width=\"150\" height=\"150\" \/>\n\t\t\t\t\t<a href=\"https:\/\/api.whatsapp.com\/send?phone=13862894146&#038;text=Hello%20Stephanie!%20I%20would%20like%20to%20make%20an%20appointment%20for%20a%20free%20estimate.\" target=\"_blank\">\n\t\t\t\t<h3>Importaci\u00f3n<\/h3>\n\t\t\t\t\t<\/a>\n\t\t<p>Importamos materiales de alta calidad y las \u00faltimas innovaciones para mantenernos a la vanguardia en dise\u00f1o, funcionalidad y rendimiento.<\/p>\t\t\t\n\t\t\t<\/li>\n\t\t\t\t\t<li>\n\t\t\t\t\t\t\t\t\t\t\t<img loading=\"lazy\" decoding=\"async\" src=\"https:\/\/designblindsllc.com\/wp-content\/uploads\/2025\/02\/designb_s2.png\" alt=\"designb_s2\" width=\"150\" height=\"150\" \/>\n\t\t\t\t\t<a href=\"https:\/\/api.whatsapp.com\/send?phone=13862894146&#038;text=Hello%20Stephanie!%20I%20would%20like%20to%20make%20an%20appointment%20for%20a%20free%20estimate.\" target=\"_blank\">\n\t\t\t\t<h3>Fabricaci\u00f3n<\/h3>\n\t\t\t\t\t<\/a>\n\t\t<p>Nuestro equipo de producci\u00f3n est\u00e1 altamente capacitado y orientado a los detalles, asegurando precisi\u00f3n en cada paso del proceso.<\/p>\t\t\t\n\t\t\t<\/li>\n\t\t\t\t\t<li>\n\t\t\t\t\t\t\t\t\t\t\t<img loading=\"lazy\" decoding=\"async\" src=\"https:\/\/designblindsllc.com\/wp-content\/uploads\/2025\/02\/designb_s3.png\" alt=\"designb_s3\" width=\"150\" height=\"150\" \/>\n\t\t\t\t\t<a href=\"https:\/\/api.whatsapp.com\/send?phone=13862894146&#038;text=Hello%20Stephanie!%20I%20would%20like%20to%20make%20an%20appointment%20for%20a%20free%20estimate.\" target=\"_blank\">\n\t\t\t\t<h3>Distribuci\u00f3n<\/h3>\n\t\t\t\t\t<\/a>\n\t\t<p>Distribuimos directamente a clientes finales y empresas asociadas, eliminando intermediarios y reduciendo costos.<\/p>\t\t\t\n\t\t\t<\/li>\n\t\t\t\t\t<li>\n\t\t\t\t\t\t\t\t\t\t\t<img loading=\"lazy\" decoding=\"async\" src=\"https:\/\/designblindsllc.com\/wp-content\/uploads\/2025\/02\/designb_s4.png\" alt=\"designb_s4\" width=\"150\" height=\"150\" \/>\n\t\t\t\t\t<a href=\"https:\/\/api.whatsapp.com\/send?phone=13862894146&#038;text=Hello%20Stephanie!%20I%20would%20like%20to%20make%20an%20appointment%20for%20a%20free%20estimate.\" target=\"_blank\">\n\t\t\t\t<h3>Instalaci\u00f3n<\/h3>\n\t\t\t\t\t<\/a>\n\t\t<p>Nuestro equipo de instalaci\u00f3n capacitado garantiza una configuraci\u00f3n fluida y eficiente para ofrecerle una excelente experiencia al cliente.<\/p>\t\t\t\n\t\t\t<\/li>\n\t\t\t\t<\/ul>\n\t\t<ul>\n\t\t\t\t\t<li>\n\t\t\t\t\t\t\t\t\t\t\t<img loading=\"lazy\" decoding=\"async\" src=\"https:\/\/designblindsllc.com\/wp-content\/uploads\/2025\/02\/designb_s5.png\" alt=\"designb_s5\" width=\"150\" height=\"150\" \/>\n\t\t\t\t\t<a href=\"https:\/\/api.whatsapp.com\/send?phone=13862894146&#038;text=Hello%20Stephanie!%20I%20would%20like%20to%20make%20an%20appointment%20for%20a%20free%20estimate.\" target=\"_blank\">\n\t\t\t\t<h3>Automatizaci\u00f3n<\/h3>\n\t\t\t\t\t<\/a>\n\t\t<p>Nuestras persianas motorizadas pueden integrarse con sistemas de hogar inteligente como Alexa, Siri y Google Assistant, ofreciendo conveniencia y funcionalidad moderna.<\/p>\t\t\t\n\t\t\t<\/li>\n\t\t\t\t\t<li>\n\t\t\t\t\t\t\t\t\t\t\t<img loading=\"lazy\" decoding=\"async\" src=\"https:\/\/designblindsllc.com\/wp-content\/uploads\/2025\/02\/designb_s6.png\" alt=\"designb_s6\" width=\"150\" height=\"150\" \/>\n\t\t\t\t\t<a href=\"https:\/\/api.whatsapp.com\/send?phone=13862894146&#038;text=Hello%20Stephanie!%20I%20would%20like%20to%20make%20an%20appointment%20for%20a%20free%20estimate.\" target=\"_blank\">\n\t\t\t\t<h3>Servicios de reparaci\u00f3n<\/h3>\n\t\t\t\t\t<\/a>\n\t\t<p>Ofrecemos servicios de reparaci\u00f3n y mantenimiento para la mayor\u00eda de los tipos de persianas, restaurando la funcionalidad y extendiendo la vida \u00fatil del producto.<\/p>\t\t\t\n\t\t\t<\/li>\n\t\t\t\t\t<li>\n\t\t\t\t\t\t\t\t\t\t\t<img loading=\"lazy\" decoding=\"async\" src=\"https:\/\/designblindsllc.com\/wp-content\/uploads\/2025\/02\/designb_s7.png\" alt=\"designb_s7\" width=\"150\" height=\"150\" \/>\n\t\t\t\t\t<a href=\"https:\/\/api.whatsapp.com\/send?phone=13862894146&#038;text=Hello%20Stephanie!%20I%20would%20like%20to%20make%20an%20appointment%20for%20a%20free%20estimate.\" target=\"_blank\">\n\t\t\t\t<h3>Actualizaciones<\/h3>\n\t\t\t\t\t<\/a>\n\t\t<p>\u00bfBuscas motorizar tus persianas enrollables existentes? Podemos actualizar persianas manuales con sistemas automatizados o reemplazar accesorios y motores para un rendimiento mejorado.<\/p>\t\t\t\n\t\t\t<\/li>\n\t\t\t\t<\/ul>\n\n","protected":false},"excerpt":{"rendered":"<p>NUESTROS SERVICIOS P\u00eddenos una cotizaci\u00f3n Importaci\u00f3n Importamos materiales de alta calidad y las \u00faltimas innovaciones para mantenernos a la vanguardia en dise\u00f1o, funcionalidad y rendimiento. Fabricaci\u00f3n Nuestro equipo de producci\u00f3n est\u00e1 altamente capacitado y orientado a los detalles, asegurando precisi\u00f3n en cada paso del proceso. Distribuci\u00f3n Distribuimos directamente a clientes finales y empresas asociadas, eliminando&hellip;<\/p>\n","protected":false},"author":1,"featured_media":0,"parent":0,"menu_order":0,"comment_status":"closed","ping_status":"closed","template":"","meta":{"footnotes":""},"class_list":["post-780","page","type-page","status-publish","hentry"],"yoast_head":"<!-- This site is optimized with the Yoast SEO plugin v27.4 - https:\/\/yoast.com\/product\/yoast-seo-wordpress\/ -->\n<title>NUESTROS SERVICIOS - Design Blinds<\/title>\n<meta name=\"robots\" content=\"index, follow, max-snippet:-1, max-image-preview:large, max-video-preview:-1\" \/>\n<link rel=\"canonical\" href=\"https:\/\/designblindsllc.com\/es\/nuestros-servicios\/\" \/>\n<meta property=\"og:locale\" content=\"es_ES\" \/>\n<meta property=\"og:type\" content=\"article\" \/>\n<meta property=\"og:title\" content=\"NUESTROS SERVICIOS - Design Blinds\" \/>\n<meta property=\"og:description\" content=\"NUESTROS SERVICIOS P\u00eddenos una cotizaci\u00f3n Importaci\u00f3n Importamos materiales de alta calidad y las \u00faltimas innovaciones para mantenernos a la vanguardia en dise\u00f1o, funcionalidad y rendimiento. Fabricaci\u00f3n Nuestro equipo de producci\u00f3n est\u00e1 altamente capacitado y orientado a los detalles, asegurando precisi\u00f3n en cada paso del proceso. Distribuci\u00f3n Distribuimos directamente a clientes finales y empresas asociadas, eliminando&hellip;\" \/>\n<meta property=\"og:url\" content=\"https:\/\/designblindsllc.com\/es\/nuestros-servicios\/\" \/>\n<meta property=\"og:site_name\" content=\"Design Blinds\" \/>\n<meta property=\"article:modified_time\" content=\"2025-04-19T18:15:15+00:00\" \/>\n<meta property=\"og:image\" content=\"https:\/\/designblindsllc.com\/wp-content\/uploads\/2025\/02\/designb_s1.png\" \/>\n<meta name=\"twitter:card\" content=\"summary_large_image\" \/>\n<meta name=\"twitter:label1\" content=\"Tiempo de lectura\" \/>\n\t<meta name=\"twitter:data1\" content=\"1 minuto\" \/>\n<script type=\"application\/ld+json\" class=\"yoast-schema-graph\">{\"@context\":\"https:\\\/\\\/schema.org\",\"@graph\":[{\"@type\":\"WebPage\",\"@id\":\"https:\\\/\\\/designblindsllc.com\\\/es\\\/nuestros-servicios\\\/\",\"url\":\"https:\\\/\\\/designblindsllc.com\\\/es\\\/nuestros-servicios\\\/\",\"name\":\"NUESTROS SERVICIOS - Design Blinds\",\"isPartOf\":{\"@id\":\"https:\\\/\\\/designblindsllc.com\\\/#website\"},\"primaryImageOfPage\":{\"@id\":\"https:\\\/\\\/designblindsllc.com\\\/es\\\/nuestros-servicios\\\/#primaryimage\"},\"image\":{\"@id\":\"https:\\\/\\\/designblindsllc.com\\\/es\\\/nuestros-servicios\\\/#primaryimage\"},\"thumbnailUrl\":\"https:\\\/\\\/designblindsllc.com\\\/wp-content\\\/uploads\\\/2025\\\/02\\\/designb_s1.png\",\"datePublished\":\"2025-02-19T19:13:24+00:00\",\"dateModified\":\"2025-04-19T18:15:15+00:00\",\"breadcrumb\":{\"@id\":\"https:\\\/\\\/designblindsllc.com\\\/es\\\/nuestros-servicios\\\/#breadcrumb\"},\"inLanguage\":\"es\",\"potentialAction\":[{\"@type\":\"ReadAction\",\"target\":[\"https:\\\/\\\/designblindsllc.com\\\/es\\\/nuestros-servicios\\\/\"]}]},{\"@type\":\"ImageObject\",\"inLanguage\":\"es\",\"@id\":\"https:\\\/\\\/designblindsllc.com\\\/es\\\/nuestros-servicios\\\/#primaryimage\",\"url\":\"https:\\\/\\\/designblindsllc.com\\\/wp-content\\\/uploads\\\/2025\\\/02\\\/designb_s1.png\",\"contentUrl\":\"https:\\\/\\\/designblindsllc.com\\\/wp-content\\\/uploads\\\/2025\\\/02\\\/designb_s1.png\"},{\"@type\":\"BreadcrumbList\",\"@id\":\"https:\\\/\\\/designblindsllc.com\\\/es\\\/nuestros-servicios\\\/#breadcrumb\",\"itemListElement\":[{\"@type\":\"ListItem\",\"position\":1,\"name\":\"Portada\",\"item\":\"https:\\\/\\\/designblindsllc.com\\\/es\\\/\"},{\"@type\":\"ListItem\",\"position\":2,\"name\":\"NUESTROS SERVICIOS\"}]},{\"@type\":\"WebSite\",\"@id\":\"https:\\\/\\\/designblindsllc.com\\\/#website\",\"url\":\"https:\\\/\\\/designblindsllc.com\\\/\",\"name\":\"Design Blinds\",\"description\":\"\",\"potentialAction\":[{\"@type\":\"SearchAction\",\"target\":{\"@type\":\"EntryPoint\",\"urlTemplate\":\"https:\\\/\\\/designblindsllc.com\\\/?s={search_term_string}\"},\"query-input\":{\"@type\":\"PropertyValueSpecification\",\"valueRequired\":true,\"valueName\":\"search_term_string\"}}],\"inLanguage\":\"es\"}]}<\/script>\n<!-- \/ Yoast SEO plugin. -->","yoast_head_json":{"title":"NUESTROS SERVICIOS - Design Blinds","robots":{"index":"index","follow":"follow","max-snippet":"max-snippet:-1","max-image-preview":"max-image-preview:large","max-video-preview":"max-video-preview:-1"},"canonical":"https:\/\/designblindsllc.com\/es\/nuestros-servicios\/","og_locale":"es_ES","og_type":"article","og_title":"NUESTROS SERVICIOS - Design Blinds","og_description":"NUESTROS SERVICIOS P\u00eddenos una cotizaci\u00f3n Importaci\u00f3n Importamos materiales de alta calidad y las \u00faltimas innovaciones para mantenernos a la vanguardia en dise\u00f1o, funcionalidad y rendimiento. Fabricaci\u00f3n Nuestro equipo de producci\u00f3n est\u00e1 altamente capacitado y orientado a los detalles, asegurando precisi\u00f3n en cada paso del proceso. Distribuci\u00f3n Distribuimos directamente a clientes finales y empresas asociadas, eliminando&hellip;","og_url":"https:\/\/designblindsllc.com\/es\/nuestros-servicios\/","og_site_name":"Design Blinds","article_modified_time":"2025-04-19T18:15:15+00:00","og_image":[{"url":"https:\/\/designblindsllc.com\/wp-content\/uploads\/2025\/02\/designb_s1.png","type":"","width":"","height":""}],"twitter_card":"summary_large_image","twitter_misc":{"Tiempo de lectura":"1 minuto"},"schema":{"@context":"https:\/\/schema.org","@graph":[{"@type":"WebPage","@id":"https:\/\/designblindsllc.com\/es\/nuestros-servicios\/","url":"https:\/\/designblindsllc.com\/es\/nuestros-servicios\/","name":"NUESTROS SERVICIOS - Design Blinds","isPartOf":{"@id":"https:\/\/designblindsllc.com\/#website"},"primaryImageOfPage":{"@id":"https:\/\/designblindsllc.com\/es\/nuestros-servicios\/#primaryimage"},"image":{"@id":"https:\/\/designblindsllc.com\/es\/nuestros-servicios\/#primaryimage"},"thumbnailUrl":"https:\/\/designblindsllc.com\/wp-content\/uploads\/2025\/02\/designb_s1.png","datePublished":"2025-02-19T19:13:24+00:00","dateModified":"2025-04-19T18:15:15+00:00","breadcrumb":{"@id":"https:\/\/designblindsllc.com\/es\/nuestros-servicios\/#breadcrumb"},"inLanguage":"es","potentialAction":[{"@type":"ReadAction","target":["https:\/\/designblindsllc.com\/es\/nuestros-servicios\/"]}]},{"@type":"ImageObject","inLanguage":"es","@id":"https:\/\/designblindsllc.com\/es\/nuestros-servicios\/#primaryimage","url":"https:\/\/designblindsllc.com\/wp-content\/uploads\/2025\/02\/designb_s1.png","contentUrl":"https:\/\/designblindsllc.com\/wp-content\/uploads\/2025\/02\/designb_s1.png"},{"@type":"BreadcrumbList","@id":"https:\/\/designblindsllc.com\/es\/nuestros-servicios\/#breadcrumb","itemListElement":[{"@type":"ListItem","position":1,"name":"Portada","item":"https:\/\/designblindsllc.com\/es\/"},{"@type":"ListItem","position":2,"name":"NUESTROS SERVICIOS"}]},{"@type":"WebSite","@id":"https:\/\/designblindsllc.com\/#website","url":"https:\/\/designblindsllc.com\/","name":"Design Blinds","description":"","potentialAction":[{"@type":"SearchAction","target":{"@type":"EntryPoint","urlTemplate":"https:\/\/designblindsllc.com\/?s={search_term_string}"},"query-input":{"@type":"PropertyValueSpecification","valueRequired":true,"valueName":"search_term_string"}}],"inLanguage":"es"}]}},"_links":{"self":[{"href":"https:\/\/designblindsllc.com\/es\/wp-json\/wp\/v2\/pages\/780","targetHints":{"allow":["GET"]}}],"collection":[{"href":"https:\/\/designblindsllc.com\/es\/wp-json\/wp\/v2\/pages"}],"about":[{"href":"https:\/\/designblindsllc.com\/es\/wp-json\/wp\/v2\/types\/page"}],"author":[{"embeddable":true,"href":"https:\/\/designblindsllc.com\/es\/wp-json\/wp\/v2\/users\/1"}],"replies":[{"embeddable":true,"href":"https:\/\/designblindsllc.com\/es\/wp-json\/wp\/v2\/comments?post=780"}],"version-history":[{"count":2,"href":"https:\/\/designblindsllc.com\/es\/wp-json\/wp\/v2\/pages\/780\/revisions"}],"predecessor-version":[{"id":821,"href":"https:\/\/designblindsllc.com\/es\/wp-json\/wp\/v2\/pages\/780\/revisions\/821"}],"wp:attachment":[{"href":"https:\/\/designblindsllc.com\/es\/wp-json\/wp\/v2\/media?parent=780"}],"curies":[{"name":"wp","href":"https:\/\/api.w.org\/{rel}","templated":true}]}}