{"id":784,"date":"2025-02-13T16:19:25","date_gmt":"2025-02-13T21:19:25","guid":{"rendered":"https:\/\/designblindsllc.com\/pelicula-inteligente\/"},"modified":"2025-04-19T13:04:07","modified_gmt":"2025-04-19T18:04:07","slug":"pelicula-inteligente","status":"publish","type":"page","link":"https:\/\/designblindsllc.com\/es\/pelicula-inteligente\/","title":{"rendered":"PEL\u00cdCULA INTELIGENTE"},"content":{"rendered":"\n<h2>\n\t\tPEL\u00cdCULA INTELIGENTE\n\t<\/h2>\n\t<p>La pel\u00edcula inteligente es una innovadora pel\u00edcula para ventanas que, cuando se energiza, cambia entre transparente y opaca para ofrecer privacidad bajo demanda. Perfecta para hogares y oficinas que buscan soluciones flexibles de privacidad.<\/p>\n\t\t\t<a href=\"tel:13863894146\" target=\"_blank\" rel=\"noopener\">\n\t\t\t\t\t\t\tP\u00eddenos una cotizaci\u00f3n\n\t\t\t<\/a>\n\t\t\t\t\t\t\t\t\t\t\t\t\t\t\t\t\t<a href=\"https:\/\/designblindsllc.com\/wp-content\/uploads\/2025\/03\/smargalery-5-1024x736.jpg\" target=\"_blank\" rel=\"nofollow noopener\" data-caption=\"\" aria-label=\"\">\n\t\t\t\t\t\t<figure>\n\t\t\t\t\t\t\t<img loading=\"lazy\" decoding=\"async\" src=\"https:\/\/designblindsllc.com\/wp-content\/uploads\/2025\/03\/smargalery-5.jpg\" alt=\"\" srcset=\"https:\/\/designblindsllc.com\/wp-content\/uploads\/2025\/03\/smargalery-5.jpg 1290w, https:\/\/designblindsllc.com\/wp-content\/uploads\/2025\/03\/smargalery-5-300x216.jpg 300w, https:\/\/designblindsllc.com\/wp-content\/uploads\/2025\/03\/smargalery-5-1024x736.jpg 1024w, https:\/\/designblindsllc.com\/wp-content\/uploads\/2025\/03\/smargalery-5-768x552.jpg 768w\" width=\"1290\" height=\"927\" \/>\n\t\t\t\t\t\t\t\t\t\t\t\t\t\t\t<!-- Overlay Wrapper -->\n\t\t\t\t\t\t\t\t <!-- Overlay Wrapper Closed -->\n\t\t\t\t\t\t\t\t\t\t\t\t\t<\/figure>\n\t\t\t\t\t\t\t\t\t\t<\/a>\n\t\t\t\t\t\t\t\t\t\t\t\t\t\t\t\t\t<a href=\"https:\/\/designblindsllc.com\/wp-content\/uploads\/2025\/03\/smargalery-4-1024x736.jpg\" target=\"_blank\" rel=\"nofollow noopener\" data-caption=\"\" aria-label=\"\">\n\t\t\t\t\t\t<figure>\n\t\t\t\t\t\t\t<img loading=\"lazy\" decoding=\"async\" src=\"https:\/\/designblindsllc.com\/wp-content\/uploads\/2025\/03\/smargalery-4.jpg\" alt=\"\" srcset=\"https:\/\/designblindsllc.com\/wp-content\/uploads\/2025\/03\/smargalery-4.jpg 1290w, https:\/\/designblindsllc.com\/wp-content\/uploads\/2025\/03\/smargalery-4-300x216.jpg 300w, https:\/\/designblindsllc.com\/wp-content\/uploads\/2025\/03\/smargalery-4-1024x736.jpg 1024w, https:\/\/designblindsllc.com\/wp-content\/uploads\/2025\/03\/smargalery-4-768x552.jpg 768w\" width=\"1290\" height=\"927\" \/>\n\t\t\t\t\t\t\t\t\t\t\t\t\t\t\t<!-- Overlay Wrapper -->\n\t\t\t\t\t\t\t\t <!-- Overlay Wrapper Closed -->\n\t\t\t\t\t\t\t\t\t\t\t\t\t<\/figure>\n\t\t\t\t\t\t\t\t\t\t<\/a>\n\t\t\t\t\t\t\t\t\t\t\t\t\t\t\t\t\t<a href=\"https:\/\/designblindsllc.com\/wp-content\/uploads\/2025\/03\/smargalery-7-1024x736.jpg\" target=\"_blank\" rel=\"nofollow noopener\" data-caption=\"\" aria-label=\"\">\n\t\t\t\t\t\t<figure>\n\t\t\t\t\t\t\t<img loading=\"lazy\" decoding=\"async\" src=\"https:\/\/designblindsllc.com\/wp-content\/uploads\/2025\/03\/smargalery-7.jpg\" alt=\"\" srcset=\"https:\/\/designblindsllc.com\/wp-content\/uploads\/2025\/03\/smargalery-7.jpg 1290w, https:\/\/designblindsllc.com\/wp-content\/uploads\/2025\/03\/smargalery-7-300x216.jpg 300w, https:\/\/designblindsllc.com\/wp-content\/uploads\/2025\/03\/smargalery-7-1024x736.jpg 1024w, https:\/\/designblindsllc.com\/wp-content\/uploads\/2025\/03\/smargalery-7-768x552.jpg 768w\" width=\"1290\" height=\"927\" \/>\n\t\t\t\t\t\t\t\t\t\t\t\t\t\t\t<!-- Overlay Wrapper -->\n\t\t\t\t\t\t\t\t <!-- Overlay Wrapper Closed -->\n\t\t\t\t\t\t\t\t\t\t\t\t\t<\/figure>\n\t\t\t\t\t\t\t\t\t\t<\/a>\n\t\t\t\t\t\t\t\t\t\t\t\t\t\t\t\t\t<a href=\"https:\/\/designblindsllc.com\/wp-content\/uploads\/2025\/03\/smargalery-6-1024x736.jpg\" target=\"_blank\" rel=\"nofollow noopener\" data-caption=\"\" aria-label=\"\">\n\t\t\t\t\t\t<figure>\n\t\t\t\t\t\t\t<img loading=\"lazy\" decoding=\"async\" src=\"https:\/\/designblindsllc.com\/wp-content\/uploads\/2025\/03\/smargalery-6.jpg\" alt=\"\" srcset=\"https:\/\/designblindsllc.com\/wp-content\/uploads\/2025\/03\/smargalery-6.jpg 1290w, https:\/\/designblindsllc.com\/wp-content\/uploads\/2025\/03\/smargalery-6-300x216.jpg 300w, https:\/\/designblindsllc.com\/wp-content\/uploads\/2025\/03\/smargalery-6-1024x736.jpg 1024w, https:\/\/designblindsllc.com\/wp-content\/uploads\/2025\/03\/smargalery-6-768x552.jpg 768w\" width=\"1290\" height=\"927\" \/>\n\t\t\t\t\t\t\t\t\t\t\t\t\t\t\t<!-- Overlay Wrapper -->\n\t\t\t\t\t\t\t\t <!-- Overlay Wrapper Closed -->\n\t\t\t\t\t\t\t\t\t\t\t\t\t<\/figure>\n\t\t\t\t\t\t\t\t\t\t<\/a>\n\t\t\t\t\t\t\t\t\t\t\t\t\t\t\t\t\t<a href=\"https:\/\/designblindsllc.com\/wp-content\/uploads\/2025\/03\/smargalery-3-1024x736.jpg\" target=\"_blank\" rel=\"nofollow noopener\" data-caption=\"\" aria-label=\"\">\n\t\t\t\t\t\t<figure>\n\t\t\t\t\t\t\t<img loading=\"lazy\" decoding=\"async\" src=\"https:\/\/designblindsllc.com\/wp-content\/uploads\/2025\/03\/smargalery-3.jpg\" alt=\"\" srcset=\"https:\/\/designblindsllc.com\/wp-content\/uploads\/2025\/03\/smargalery-3.jpg 1290w, https:\/\/designblindsllc.com\/wp-content\/uploads\/2025\/03\/smargalery-3-300x216.jpg 300w, https:\/\/designblindsllc.com\/wp-content\/uploads\/2025\/03\/smargalery-3-1024x736.jpg 1024w, https:\/\/designblindsllc.com\/wp-content\/uploads\/2025\/03\/smargalery-3-768x552.jpg 768w\" width=\"1290\" height=\"927\" \/>\n\t\t\t\t\t\t\t\t\t\t\t\t\t\t\t<!-- Overlay Wrapper -->\n\t\t\t\t\t\t\t\t <!-- Overlay Wrapper Closed -->\n\t\t\t\t\t\t\t\t\t\t\t\t\t<\/figure>\n\t\t\t\t\t\t\t\t\t\t<\/a>\n\t\t\t\t\t\t\t\t\t\t\t\t\t\t\t\t\t<a href=\"https:\/\/designblindsllc.com\/wp-content\/uploads\/2025\/03\/smargalery-2-1024x736.jpg\" target=\"_blank\" rel=\"nofollow noopener\" data-caption=\"\" aria-label=\"\">\n\t\t\t\t\t\t<figure>\n\t\t\t\t\t\t\t<img loading=\"lazy\" decoding=\"async\" src=\"https:\/\/designblindsllc.com\/wp-content\/uploads\/2025\/03\/smargalery-2.jpg\" alt=\"\" srcset=\"https:\/\/designblindsllc.com\/wp-content\/uploads\/2025\/03\/smargalery-2.jpg 1290w, https:\/\/designblindsllc.com\/wp-content\/uploads\/2025\/03\/smargalery-2-300x216.jpg 300w, https:\/\/designblindsllc.com\/wp-content\/uploads\/2025\/03\/smargalery-2-1024x736.jpg 1024w, https:\/\/designblindsllc.com\/wp-content\/uploads\/2025\/03\/smargalery-2-768x552.jpg 768w\" width=\"1290\" height=\"927\" \/>\n\t\t\t\t\t\t\t\t\t\t\t\t\t\t\t<!-- Overlay Wrapper -->\n\t\t\t\t\t\t\t\t <!-- Overlay Wrapper Closed -->\n\t\t\t\t\t\t\t\t\t\t\t\t\t<\/figure>\n\t\t\t\t\t\t\t\t\t\t<\/a>\n\t\t\t\t\t\t\t\t\t\t\t\t\t\t\t\t\t<a href=\"https:\/\/designblindsllc.com\/wp-content\/uploads\/2025\/03\/smargalery-1-1024x736.jpg\" target=\"_blank\" rel=\"nofollow noopener\" data-caption=\"\" aria-label=\"\">\n\t\t\t\t\t\t<figure>\n\t\t\t\t\t\t\t<img loading=\"lazy\" decoding=\"async\" src=\"https:\/\/designblindsllc.com\/wp-content\/uploads\/2025\/03\/smargalery-1.jpg\" alt=\"\" srcset=\"https:\/\/designblindsllc.com\/wp-content\/uploads\/2025\/03\/smargalery-1.jpg 1290w, https:\/\/designblindsllc.com\/wp-content\/uploads\/2025\/03\/smargalery-1-300x216.jpg 300w, https:\/\/designblindsllc.com\/wp-content\/uploads\/2025\/03\/smargalery-1-1024x736.jpg 1024w, https:\/\/designblindsllc.com\/wp-content\/uploads\/2025\/03\/smargalery-1-768x552.jpg 768w\" width=\"1290\" height=\"927\" \/>\n\t\t\t\t\t\t\t\t\t\t\t\t\t\t\t<!-- Overlay Wrapper -->\n\t\t\t\t\t\t\t\t <!-- Overlay Wrapper Closed -->\n\t\t\t\t\t\t\t\t\t\t\t\t\t<\/figure>\n\t\t\t\t\t\t\t\t\t\t<\/a>\n\t\t\t\t\t\t\t\t\t\t\t<!-- pagination -->\n\t<iframe allowfullscreen allow=\"autoplay\" data-src=\"https:\/\/www.youtube.com\/embed\/4BCy0gAMdaE?feature=oembed&amp;start&amp;end&amp;wmode=opaque&amp;loop=0&amp;controls=1&amp;mute=1&amp;rel=0&amp;modestbranding=0\"><\/iframe>\t\t\n\t\t\t\t\tPlay Video\n\t<iframe allowfullscreen allow=\"autoplay\" data-src=\"https:\/\/www.youtube.com\/embed\/cpberWBZXp4?feature=oembed&amp;start&amp;end&amp;wmode=opaque&amp;loop=0&amp;controls=1&amp;mute=1&amp;rel=0&amp;modestbranding=0\"><\/iframe>\t\t\n\t\t\t\t\tPlay Video\n\t<iframe allowfullscreen allow=\"autoplay\" data-src=\"https:\/\/www.youtube.com\/embed\/cr9C1jtCcTE?feature=oembed&amp;start&amp;end&amp;wmode=opaque&amp;loop=0&amp;controls=1&amp;mute=1&amp;rel=0&amp;modestbranding=0\"><\/iframe>\t\t\n\t\t\t\t\tPlay Video\n\t<iframe allowfullscreen allow=\"autoplay\" data-src=\"https:\/\/www.youtube.com\/embed\/fF2YCxeDpUk?feature=oembed&amp;start&amp;end&amp;wmode=opaque&amp;loop=0&amp;controls=1&amp;mute=1&amp;rel=0&amp;modestbranding=0\"><\/iframe>\t\t\n\t\t\t\t\tPlay Video\n\n","protected":false},"excerpt":{"rendered":"<p>PEL\u00cdCULA INTELIGENTE La pel\u00edcula inteligente es una innovadora pel\u00edcula para ventanas que, cuando se energiza, cambia entre transparente y opaca para ofrecer privacidad bajo demanda. Perfecta para hogares y oficinas que buscan soluciones flexibles de privacidad. P\u00eddenos una cotizaci\u00f3n Play Video Play Video Play Video Play Video<\/p>\n","protected":false},"author":1,"featured_media":0,"parent":0,"menu_order":0,"comment_status":"closed","ping_status":"closed","template":"","meta":{"footnotes":""},"class_list":["post-784","page","type-page","status-publish","hentry"],"yoast_head":"<!-- This site is optimized with the Yoast SEO plugin v27.4 - https:\/\/yoast.com\/product\/yoast-seo-wordpress\/ -->\n<title>PEL\u00cdCULA INTELIGENTE - Design Blinds<\/title>\n<meta name=\"robots\" content=\"index, follow, max-snippet:-1, max-image-preview:large, max-video-preview:-1\" \/>\n<link rel=\"canonical\" href=\"https:\/\/designblindsllc.com\/es\/pelicula-inteligente\/\" \/>\n<meta property=\"og:locale\" content=\"es_ES\" \/>\n<meta property=\"og:type\" content=\"article\" \/>\n<meta property=\"og:title\" content=\"PEL\u00cdCULA INTELIGENTE - Design Blinds\" \/>\n<meta property=\"og:description\" content=\"PEL\u00cdCULA INTELIGENTE La pel\u00edcula inteligente es una innovadora pel\u00edcula para ventanas que, cuando se energiza, cambia entre transparente y opaca para ofrecer privacidad bajo demanda. Perfecta para hogares y oficinas que buscan soluciones flexibles de privacidad. P\u00eddenos una cotizaci\u00f3n Play Video Play Video Play Video Play Video\" \/>\n<meta property=\"og:url\" content=\"https:\/\/designblindsllc.com\/es\/pelicula-inteligente\/\" \/>\n<meta property=\"og:site_name\" content=\"Design Blinds\" \/>\n<meta property=\"article:modified_time\" content=\"2025-04-19T18:04:07+00:00\" \/>\n<meta property=\"og:image\" content=\"https:\/\/designblindsllc.com\/wp-content\/uploads\/2025\/03\/smargalery-5.jpg\" \/>\n<meta name=\"twitter:card\" content=\"summary_large_image\" \/>\n<script type=\"application\/ld+json\" class=\"yoast-schema-graph\">{\"@context\":\"https:\\\/\\\/schema.org\",\"@graph\":[{\"@type\":\"WebPage\",\"@id\":\"https:\\\/\\\/designblindsllc.com\\\/es\\\/pelicula-inteligente\\\/\",\"url\":\"https:\\\/\\\/designblindsllc.com\\\/es\\\/pelicula-inteligente\\\/\",\"name\":\"PEL\u00cdCULA INTELIGENTE - Design Blinds\",\"isPartOf\":{\"@id\":\"https:\\\/\\\/designblindsllc.com\\\/#website\"},\"primaryImageOfPage\":{\"@id\":\"https:\\\/\\\/designblindsllc.com\\\/es\\\/pelicula-inteligente\\\/#primaryimage\"},\"image\":{\"@id\":\"https:\\\/\\\/designblindsllc.com\\\/es\\\/pelicula-inteligente\\\/#primaryimage\"},\"thumbnailUrl\":\"https:\\\/\\\/designblindsllc.com\\\/wp-content\\\/uploads\\\/2025\\\/03\\\/smargalery-5.jpg\",\"datePublished\":\"2025-02-13T21:19:25+00:00\",\"dateModified\":\"2025-04-19T18:04:07+00:00\",\"breadcrumb\":{\"@id\":\"https:\\\/\\\/designblindsllc.com\\\/es\\\/pelicula-inteligente\\\/#breadcrumb\"},\"inLanguage\":\"es\",\"potentialAction\":[{\"@type\":\"ReadAction\",\"target\":[\"https:\\\/\\\/designblindsllc.com\\\/es\\\/pelicula-inteligente\\\/\"]}]},{\"@type\":\"ImageObject\",\"inLanguage\":\"es\",\"@id\":\"https:\\\/\\\/designblindsllc.com\\\/es\\\/pelicula-inteligente\\\/#primaryimage\",\"url\":\"https:\\\/\\\/designblindsllc.com\\\/wp-content\\\/uploads\\\/2025\\\/03\\\/smargalery-5.jpg\",\"contentUrl\":\"https:\\\/\\\/designblindsllc.com\\\/wp-content\\\/uploads\\\/2025\\\/03\\\/smargalery-5.jpg\"},{\"@type\":\"BreadcrumbList\",\"@id\":\"https:\\\/\\\/designblindsllc.com\\\/es\\\/pelicula-inteligente\\\/#breadcrumb\",\"itemListElement\":[{\"@type\":\"ListItem\",\"position\":1,\"name\":\"Portada\",\"item\":\"https:\\\/\\\/designblindsllc.com\\\/es\\\/\"},{\"@type\":\"ListItem\",\"position\":2,\"name\":\"PEL\u00cdCULA INTELIGENTE\"}]},{\"@type\":\"WebSite\",\"@id\":\"https:\\\/\\\/designblindsllc.com\\\/#website\",\"url\":\"https:\\\/\\\/designblindsllc.com\\\/\",\"name\":\"Design Blinds\",\"description\":\"\",\"potentialAction\":[{\"@type\":\"SearchAction\",\"target\":{\"@type\":\"EntryPoint\",\"urlTemplate\":\"https:\\\/\\\/designblindsllc.com\\\/?s={search_term_string}\"},\"query-input\":{\"@type\":\"PropertyValueSpecification\",\"valueRequired\":true,\"valueName\":\"search_term_string\"}}],\"inLanguage\":\"es\"}]}<\/script>\n<!-- \/ Yoast SEO plugin. -->","yoast_head_json":{"title":"PEL\u00cdCULA INTELIGENTE - Design Blinds","robots":{"index":"index","follow":"follow","max-snippet":"max-snippet:-1","max-image-preview":"max-image-preview:large","max-video-preview":"max-video-preview:-1"},"canonical":"https:\/\/designblindsllc.com\/es\/pelicula-inteligente\/","og_locale":"es_ES","og_type":"article","og_title":"PEL\u00cdCULA INTELIGENTE - Design Blinds","og_description":"PEL\u00cdCULA INTELIGENTE La pel\u00edcula inteligente es una innovadora pel\u00edcula para ventanas que, cuando se energiza, cambia entre transparente y opaca para ofrecer privacidad bajo demanda. Perfecta para hogares y oficinas que buscan soluciones flexibles de privacidad. P\u00eddenos una cotizaci\u00f3n Play Video Play Video Play Video Play Video","og_url":"https:\/\/designblindsllc.com\/es\/pelicula-inteligente\/","og_site_name":"Design Blinds","article_modified_time":"2025-04-19T18:04:07+00:00","og_image":[{"url":"https:\/\/designblindsllc.com\/wp-content\/uploads\/2025\/03\/smargalery-5.jpg","type":"","width":"","height":""}],"twitter_card":"summary_large_image","schema":{"@context":"https:\/\/schema.org","@graph":[{"@type":"WebPage","@id":"https:\/\/designblindsllc.com\/es\/pelicula-inteligente\/","url":"https:\/\/designblindsllc.com\/es\/pelicula-inteligente\/","name":"PEL\u00cdCULA INTELIGENTE - Design Blinds","isPartOf":{"@id":"https:\/\/designblindsllc.com\/#website"},"primaryImageOfPage":{"@id":"https:\/\/designblindsllc.com\/es\/pelicula-inteligente\/#primaryimage"},"image":{"@id":"https:\/\/designblindsllc.com\/es\/pelicula-inteligente\/#primaryimage"},"thumbnailUrl":"https:\/\/designblindsllc.com\/wp-content\/uploads\/2025\/03\/smargalery-5.jpg","datePublished":"2025-02-13T21:19:25+00:00","dateModified":"2025-04-19T18:04:07+00:00","breadcrumb":{"@id":"https:\/\/designblindsllc.com\/es\/pelicula-inteligente\/#breadcrumb"},"inLanguage":"es","potentialAction":[{"@type":"ReadAction","target":["https:\/\/designblindsllc.com\/es\/pelicula-inteligente\/"]}]},{"@type":"ImageObject","inLanguage":"es","@id":"https:\/\/designblindsllc.com\/es\/pelicula-inteligente\/#primaryimage","url":"https:\/\/designblindsllc.com\/wp-content\/uploads\/2025\/03\/smargalery-5.jpg","contentUrl":"https:\/\/designblindsllc.com\/wp-content\/uploads\/2025\/03\/smargalery-5.jpg"},{"@type":"BreadcrumbList","@id":"https:\/\/designblindsllc.com\/es\/pelicula-inteligente\/#breadcrumb","itemListElement":[{"@type":"ListItem","position":1,"name":"Portada","item":"https:\/\/designblindsllc.com\/es\/"},{"@type":"ListItem","position":2,"name":"PEL\u00cdCULA INTELIGENTE"}]},{"@type":"WebSite","@id":"https:\/\/designblindsllc.com\/#website","url":"https:\/\/designblindsllc.com\/","name":"Design Blinds","description":"","potentialAction":[{"@type":"SearchAction","target":{"@type":"EntryPoint","urlTemplate":"https:\/\/designblindsllc.com\/?s={search_term_string}"},"query-input":{"@type":"PropertyValueSpecification","valueRequired":true,"valueName":"search_term_string"}}],"inLanguage":"es"}]}},"_links":{"self":[{"href":"https:\/\/designblindsllc.com\/es\/wp-json\/wp\/v2\/pages\/784","targetHints":{"allow":["GET"]}}],"collection":[{"href":"https:\/\/designblindsllc.com\/es\/wp-json\/wp\/v2\/pages"}],"about":[{"href":"https:\/\/designblindsllc.com\/es\/wp-json\/wp\/v2\/types\/page"}],"author":[{"embeddable":true,"href":"https:\/\/designblindsllc.com\/es\/wp-json\/wp\/v2\/users\/1"}],"replies":[{"embeddable":true,"href":"https:\/\/designblindsllc.com\/es\/wp-json\/wp\/v2\/comments?post=784"}],"version-history":[{"count":1,"href":"https:\/\/designblindsllc.com\/es\/wp-json\/wp\/v2\/pages\/784\/revisions"}],"predecessor-version":[{"id":816,"href":"https:\/\/designblindsllc.com\/es\/wp-json\/wp\/v2\/pages\/784\/revisions\/816"}],"wp:attachment":[{"href":"https:\/\/designblindsllc.com\/es\/wp-json\/wp\/v2\/media?parent=784"}],"curies":[{"name":"wp","href":"https:\/\/api.w.org\/{rel}","templated":true}]}}